{"id":10775,"date":"2016-07-11T06:40:45","date_gmt":"2016-07-11T06:40:45","guid":{"rendered":"http:\/\/www.valentincarayol.com\/custom-feature-image\/"},"modified":"2022-04-08T11:39:46","modified_gmt":"2022-04-08T10:39:46","slug":"location-gite-du-grand-sancerrois","status":"publish","type":"page","link":"http:\/\/www.valentincarayol.com\/en\/location-gite-du-grand-sancerrois\/","title":{"rendered":"Location Sancerre"},"content":{"rendered":"<div class=\"grve-section grve-row-section grve-fullwidth-background grve-padding-top-6x grve-padding-bottom-6x grve-bg-none\"><div class=\"grve-container\"><div class=\"grve-row grve-bookmark grve-columns-gap-30\"><div class=\"grve-column wpb_column grve-column-1-4\" ><div class=\"grve-column-wrapper\" ><div class=\"grve-element grve-image grve-align-center\" style=\"\">  <div class=\"grve-image-wrapper\"><img loading=\"lazy\" decoding=\"async\" width=\"1000\" height=\"750\" src=\"https:\/\/www.valentincarayol.com\/wp-content\/uploads\/2016\/07\/chambre-rdc-n2.jpg\" class=\"attachment-full size-full\" alt=\"\" srcset=\"https:\/\/www.valentincarayol.com\/wp-content\/uploads\/2016\/07\/chambre-rdc-n2.jpg 1000w, https:\/\/www.valentincarayol.com\/wp-content\/uploads\/2016\/07\/chambre-rdc-n2-600x450.jpg 600w, https:\/\/www.valentincarayol.com\/wp-content\/uploads\/2016\/07\/chambre-rdc-n2-200x150.jpg 200w, https:\/\/www.valentincarayol.com\/wp-content\/uploads\/2016\/07\/chambre-rdc-n2-768x576.jpg 768w, https:\/\/www.valentincarayol.com\/wp-content\/uploads\/2016\/07\/chambre-rdc-n2-500x375.jpg 500w, https:\/\/www.valentincarayol.com\/wp-content\/uploads\/2016\/07\/chambre-rdc-n2-560x420.jpg 560w, https:\/\/www.valentincarayol.com\/wp-content\/uploads\/2016\/07\/chambre-rdc-n2-900x675.jpg 900w\" sizes=\"auto, (max-width: 1000px) 100vw, 1000px\" \/>   <\/div><\/div><\/div><\/div><div class=\"grve-column wpb_column grve-column-1-2\" ><div class=\"grve-column-wrapper\" ><h2 class=\"grve-element grve-title grve-align-center grve-h2\" style=\"margin-bottom: 0px;\"><span>Un lieu unique \u00e0 2h00 de Paris<\/span><\/h2><h2 class=\"grve-element grve-title grve-align-center grve-h2\" style=\"\"><span>Calme, D\u00e9tente, S\u00e9r\u00e9nit\u00e9<\/span><\/h2><div class=\"grve-element grve-text grve-leader-text\">\r\n\t\t\t<p>Le g\u00eete du Grand Sancerrois, situ\u00e9e \u00e0 proximit\u00e9 de Sancerre, de Chavignol et de la Loire, est un endroit id\u00e9al pour se retrouver au centre de la France et profiter des produits locaux tels que le vin et le fromage. D&rsquo;une capacit\u00e9 d&rsquo;accueil de 12 personnes, voici le cadre de r\u00eave pour passer vos vacances, un week-end ou organiser un \u00e9v\u00e9nement.<\/p>\n\r\n\t\t<\/div>\r\n\t<\/div><\/div><div class=\"grve-column wpb_column grve-column-1-4\" ><div class=\"grve-column-wrapper\" ><div class=\"grve-element grve-image grve-align-center\" style=\"\">  <div class=\"grve-image-wrapper\"><img loading=\"lazy\" decoding=\"async\" width=\"1000\" height=\"750\" src=\"https:\/\/www.valentincarayol.com\/wp-content\/uploads\/2016\/07\/cuisine.jpg\" class=\"attachment-full size-full\" alt=\"\" srcset=\"https:\/\/www.valentincarayol.com\/wp-content\/uploads\/2016\/07\/cuisine.jpg 1000w, https:\/\/www.valentincarayol.com\/wp-content\/uploads\/2016\/07\/cuisine-600x450.jpg 600w, https:\/\/www.valentincarayol.com\/wp-content\/uploads\/2016\/07\/cuisine-200x150.jpg 200w, https:\/\/www.valentincarayol.com\/wp-content\/uploads\/2016\/07\/cuisine-768x576.jpg 768w, https:\/\/www.valentincarayol.com\/wp-content\/uploads\/2016\/07\/cuisine-500x375.jpg 500w, https:\/\/www.valentincarayol.com\/wp-content\/uploads\/2016\/07\/cuisine-560x420.jpg 560w, https:\/\/www.valentincarayol.com\/wp-content\/uploads\/2016\/07\/cuisine-900x675.jpg 900w\" sizes=\"auto, (max-width: 1000px) 100vw, 1000px\" \/>   <\/div><\/div><\/div><\/div><\/div><\/div><div class=\"grve-background-wrapper\"><\/div><\/div><div class=\"grve-section grve-row-section grve-fullwidth grve-padding-top-6x grve-padding-bottom-6x grve-bg-none\"><div class=\"grve-container\"><div class=\"grve-row grve-bookmark grve-columns-gap-10\"><div class=\"grve-column wpb_column grve-column-1-6 grve-tablet-sm-column-1-3 grve-parallax-effect\"  data-parallax-effect=\"vertical-parallax\" data-sensitive=\"low\" data-limit=\"none\" data-invert=\"false\" data-tablet-portrait-parallax-effect=\"none\" data-mobile-parallax-effect=\"none\"><div class=\"grve-column-wrapper\" ><div class=\"grve-element grve-image grve-align-center\" style=\"\">  <div class=\"grve-image-wrapper\"><img loading=\"lazy\" decoding=\"async\" width=\"560\" height=\"747\" src=\"https:\/\/www.valentincarayol.com\/wp-content\/uploads\/2016\/07\/IMG_9315-560x747.jpg\" class=\"attachment-movedo-grve-small-rect-vertical size-movedo-grve-small-rect-vertical\" alt=\"\" srcset=\"https:\/\/www.valentincarayol.com\/wp-content\/uploads\/2016\/07\/IMG_9315-560x747.jpg 560w, https:\/\/www.valentincarayol.com\/wp-content\/uploads\/2016\/07\/IMG_9315-840x1120.jpg 840w\" sizes=\"auto, (max-width: 560px) 100vw, 560px\" \/>   <\/div><\/div><\/div><\/div><div class=\"grve-column wpb_column grve-column-1-6 grve-tablet-sm-column-1-3\" ><div class=\"grve-column-wrapper\" ><div class=\"grve-element grve-image grve-align-center\" style=\"\">  <div class=\"grve-image-wrapper\"><img loading=\"lazy\" decoding=\"async\" width=\"560\" height=\"747\" src=\"https:\/\/www.valentincarayol.com\/wp-content\/uploads\/2016\/07\/IMG_9300-560x747.jpg\" class=\"attachment-movedo-grve-small-rect-vertical size-movedo-grve-small-rect-vertical\" alt=\"\" srcset=\"https:\/\/www.valentincarayol.com\/wp-content\/uploads\/2016\/07\/IMG_9300-560x747.jpg 560w, https:\/\/www.valentincarayol.com\/wp-content\/uploads\/2016\/07\/IMG_9300-840x1120.jpg 840w\" sizes=\"auto, (max-width: 560px) 100vw, 560px\" \/>   <\/div><\/div><\/div><\/div><div class=\"grve-column wpb_column grve-column-1-6 grve-tablet-sm-column-1-3 grve-parallax-effect\"  data-parallax-effect=\"vertical-parallax\" data-sensitive=\"low\" data-limit=\"none\" data-invert=\"false\" data-tablet-portrait-parallax-effect=\"none\" data-mobile-parallax-effect=\"none\"><div class=\"grve-column-wrapper\" ><div class=\"grve-element grve-image grve-align-center\" style=\"\">  <div class=\"grve-image-wrapper\"><img loading=\"lazy\" decoding=\"async\" width=\"560\" height=\"747\" src=\"https:\/\/www.valentincarayol.com\/wp-content\/uploads\/2016\/07\/Piscine--560x747.jpg\" class=\"attachment-movedo-grve-small-rect-vertical size-movedo-grve-small-rect-vertical\" alt=\"\" srcset=\"https:\/\/www.valentincarayol.com\/wp-content\/uploads\/2016\/07\/Piscine--560x747.jpg 560w, https:\/\/www.valentincarayol.com\/wp-content\/uploads\/2016\/07\/Piscine--840x1120.jpg 840w\" sizes=\"auto, (max-width: 560px) 100vw, 560px\" \/>   <\/div><\/div><\/div><\/div><div class=\"grve-column wpb_column grve-column-1-6 grve-tablet-sm-column-hide grve-mobile-column-hide\" ><div class=\"grve-column-wrapper\" ><div class=\"grve-element grve-image grve-align-center\" style=\"\">  <div class=\"grve-image-wrapper\"><img loading=\"lazy\" decoding=\"async\" width=\"560\" height=\"747\" src=\"https:\/\/www.valentincarayol.com\/wp-content\/uploads\/2016\/07\/s\u00e9jour-depuis-lescalier-560x747.jpg\" class=\"attachment-movedo-grve-small-rect-vertical size-movedo-grve-small-rect-vertical\" alt=\"\" srcset=\"https:\/\/www.valentincarayol.com\/wp-content\/uploads\/2016\/07\/s\u00e9jour-depuis-lescalier-560x747.jpg 560w, https:\/\/www.valentincarayol.com\/wp-content\/uploads\/2016\/07\/s\u00e9jour-depuis-lescalier-840x1120.jpg 840w\" sizes=\"auto, (max-width: 560px) 100vw, 560px\" \/>   <\/div><\/div><\/div><\/div><div class=\"grve-column wpb_column grve-column-1-6 grve-tablet-sm-column-hide grve-mobile-column-hide grve-parallax-effect\"  data-parallax-effect=\"vertical-parallax\" data-sensitive=\"low\" data-limit=\"none\" data-invert=\"false\" data-tablet-portrait-parallax-effect=\"none\" data-mobile-parallax-effect=\"none\"><div class=\"grve-column-wrapper\" ><div class=\"grve-element grve-image grve-align-center\" style=\"\">  <div class=\"grve-image-wrapper\"><img loading=\"lazy\" decoding=\"async\" width=\"560\" height=\"747\" src=\"https:\/\/www.valentincarayol.com\/wp-content\/uploads\/2016\/07\/salon-560x747.jpg\" class=\"attachment-movedo-grve-small-rect-vertical size-movedo-grve-small-rect-vertical\" alt=\"\" srcset=\"https:\/\/www.valentincarayol.com\/wp-content\/uploads\/2016\/07\/salon-560x747.jpg 560w, https:\/\/www.valentincarayol.com\/wp-content\/uploads\/2016\/07\/salon-840x1120.jpg 840w\" sizes=\"auto, (max-width: 560px) 100vw, 560px\" \/>   <\/div><\/div><\/div><\/div><div class=\"grve-column wpb_column grve-column-1-6 grve-tablet-sm-column-hide grve-mobile-column-hide\" ><div class=\"grve-column-wrapper\" ><div class=\"grve-element grve-image grve-align-center\" style=\"\">  <div class=\"grve-image-wrapper\"><img loading=\"lazy\" decoding=\"async\" width=\"560\" height=\"747\" src=\"https:\/\/www.valentincarayol.com\/wp-content\/uploads\/2016\/07\/IMG_9340-560x747.jpg\" class=\"attachment-movedo-grve-small-rect-vertical size-movedo-grve-small-rect-vertical\" alt=\"\" srcset=\"https:\/\/www.valentincarayol.com\/wp-content\/uploads\/2016\/07\/IMG_9340-560x747.jpg 560w, https:\/\/www.valentincarayol.com\/wp-content\/uploads\/2016\/07\/IMG_9340-840x1120.jpg 840w\" sizes=\"auto, (max-width: 560px) 100vw, 560px\" \/>   <\/div><\/div><\/div><\/div><\/div><\/div><div class=\"grve-background-wrapper\"><\/div><\/div><div class=\"grve-section grve-row-section grve-fullwidth-background grve-padding-top-3x grve-bg-none grve-custom-height grve-middle-content\"  style=\"background-color:#f7f7f7;\"><div class=\"grve-container\"><div class=\"grve-row grve-bookmark grve-columns-gap-40\"><div class=\"grve-column wpb_column grve-column-1-3 grve-tablet-sm-column-1-2\" ><div class=\"grve-column-wrapper\" ><div class=\"grve-empty-space grve-height-1x\" style=\"\"><\/div><div class=\"grve-element grve-slogan grve-align-right grve-animated-item grve-fade-in-left grve-duration-normal\" style=\"\" data-delay=\"200\"><h3 class=\"grve-slogan-title grve-align-right grve-h5\"><span>6 suites pour 12 personnes<\/span><\/h3>  <p class=\"\">Chaque chambre du g\u00eete poss\u00e8de sa propre salle de bain et WC. Les chambres sont \u00e9quip\u00e9es d&rsquo;un grand lit double ou de lits jumeaux.<\/p><\/div><div class=\"grve-empty-space grve-height-2x\" style=\"\"><\/div><div class=\"grve-element grve-slogan grve-align-right grve-animated-item grve-fade-in-left grve-duration-normal\" style=\"\" data-delay=\"400\"><h3 class=\"grve-slogan-title grve-align-right grve-h5\"><span>Piscine chauff\u00e9e<\/span><\/h3>  <p class=\"\">La piscine mesure 14m de long et 6m de large. Elle approche les 2m50 de profondeur et poss\u00e8de un plongeoir. La piscine est chauff\u00e9e avec un syst\u00e8me de panneaux solaires pour un bien \u00eatre restant un \u00e9cologique.<\/p><\/div><div class=\"grve-empty-space grve-height-1x\" style=\"\"><\/div><\/div><\/div><div class=\"grve-column wpb_column grve-column-1-3 grve-tablet-sm-column-hide grve-mobile-column-hide grve-parallax-effect\"  data-parallax-effect=\"mouse-move-x\" data-sensitive=\"low\" data-limit=\"1x\" data-invert=\"false\"><div class=\"grve-column-wrapper\" ><div class=\"grve-element grve-image grve-align-center\" style=\"\">  <div class=\"grve-image-wrapper\"><img loading=\"lazy\" decoding=\"async\" width=\"1000\" height=\"750\" src=\"https:\/\/www.valentincarayol.com\/wp-content\/uploads\/2016\/07\/face-Sud.jpg\" class=\"attachment-full size-full\" alt=\"\" srcset=\"https:\/\/www.valentincarayol.com\/wp-content\/uploads\/2016\/07\/face-Sud.jpg 1000w, https:\/\/www.valentincarayol.com\/wp-content\/uploads\/2016\/07\/face-Sud-600x450.jpg 600w, https:\/\/www.valentincarayol.com\/wp-content\/uploads\/2016\/07\/face-Sud-200x150.jpg 200w, https:\/\/www.valentincarayol.com\/wp-content\/uploads\/2016\/07\/face-Sud-768x576.jpg 768w, https:\/\/www.valentincarayol.com\/wp-content\/uploads\/2016\/07\/face-Sud-500x375.jpg 500w, https:\/\/www.valentincarayol.com\/wp-content\/uploads\/2016\/07\/face-Sud-560x420.jpg 560w, https:\/\/www.valentincarayol.com\/wp-content\/uploads\/2016\/07\/face-Sud-900x675.jpg 900w\" sizes=\"auto, (max-width: 1000px) 100vw, 1000px\" \/>   <\/div><\/div><\/div><\/div><div class=\"grve-column wpb_column grve-column-1-3 grve-tablet-sm-column-1-2\" ><div class=\"grve-column-wrapper\" ><div class=\"grve-empty-space grve-height-1x\" style=\"\"><\/div><div class=\"grve-element grve-slogan grve-align-left grve-animated-item grve-fade-in-right grve-duration-normal\" style=\"\" data-delay=\"200\"><h3 class=\"grve-slogan-title grve-align-left grve-h5\"><span>Id\u00e9al pour les s\u00e9minaires d'entreprise<\/span><\/h3>  <p class=\"\">Un cadre idyllique pour travailler et que les \u00e9quipes puissent faire connaissance<\/p><\/div><div class=\"grve-empty-space grve-height-2x\" style=\"\"><\/div><div class=\"grve-element grve-slogan grve-align-left grve-animated-item grve-fade-in-right grve-duration-normal\" style=\"\" data-delay=\"400\"><h3 class=\"grve-slogan-title grve-align-left grve-h5\"><span>Tournages de films<\/span><\/h3>  <p class=\"\">Le g\u00eete offre un espace habitable de 350m\u00b2 sur presque 2 hectares. Un lieu majestueux et beaucoup de superficie, une chance pour les r\u00e9alisateurs.<\/p><\/div><div class=\"grve-empty-space grve-height-1x\" style=\"\"><\/div><\/div><\/div><\/div><\/div><div class=\"grve-background-wrapper\"><\/div><\/div><div class=\"grve-section grve-row-section grve-fullwidth-background grve-padding-top-6x grve-padding-bottom-6x grve-bg-none grve-headings-light\" id=\"skills\"  style=\"background-color:#1c1f21;color:rgb(255,255,255);color:rgba(255,255,255,0.85);\"><div class=\"grve-container\"><div class=\"grve-row grve-bookmark grve-columns-gap-60\"><div class=\"grve-column wpb_column grve-column-1-3\" ><div class=\"grve-column-wrapper\" ><blockquote class=\"grve-element grve-align-left\" style=\"\"><p>TARIFS NOVEMBRE A MARS<br \/>\nsur demande<\/p><\/blockquote><\/div><\/div><div class=\"grve-column wpb_column grve-column-1-3\" ><div class=\"grve-column-wrapper\" ><blockquote class=\"grve-element grve-align-center\" style=\"\"><p>TARIFS AVRIL A MAI<\/p>\n<p>sur demande<\/p><\/blockquote><\/div><\/div><div class=\"grve-column wpb_column grve-column-1-3\" ><div class=\"grve-column-wrapper\" ><blockquote class=\"grve-element grve-align-right\" style=\"\"><p>TARIF JUIN A OCTOBRE<br \/>\nsur demande<\/p><\/blockquote><\/div><\/div><\/div><\/div><div class=\"grve-background-wrapper\"><\/div><\/div><div class=\"grve-section grve-row-section grve-fullwidth-background grve-padding-top-6x grve-padding-bottom-6x grve-horizontal-parallax-lr grve-bg-parallax\" data-parallax-threshold=\"0.3\"><div class=\"grve-container\"><div class=\"grve-row grve-bookmark grve-columns-gap-30\"><div class=\"grve-column wpb_column grve-column-1-6\" ><div class=\"grve-column-wrapper\" ><\/div><\/div><div class=\"grve-column wpb_column grve-column-2-3\" ><div class=\"grve-column-wrapper\" ><h4 class=\"grve-element grve-title grve-align-left grve-h3\" style=\"\"><span>Contact<\/span><\/h4><h6 class=\"grve-element grve-title grve-align-left grve-h3\" style=\"\"><span>holidaysancerre@gmail.com<\/span><\/h6><h6 class=\"grve-element grve-title grve-align-left grve-h3\" style=\"\"><span>+33 6 86 45 20 18<\/span><\/h6><\/div><\/div><div class=\"grve-column wpb_column grve-column-1-6\" ><div class=\"grve-column-wrapper\" ><\/div><\/div><div class=\"grve-column wpb_column grve-column-1\" ><div class=\"grve-column-wrapper\" ><div class=\"grve-empty-space grve-height-2x\" style=\"\"><\/div><\/div><\/div><\/div><\/div><div class=\"grve-background-wrapper\">  <div class=\"grve-bg-image grve-bg-center-center grve-bg-image-id-13478\"   style=\"background-image: url(https:\/\/www.valentincarayol.com\/wp-content\/uploads\/2000\/01\/grve-dummy-sample-image.png);\"><\/div>  <div class=\"grve-bg-overlay\" style=\"background-color:rgba(255,255,255,0.95)\"><\/div><\/div><\/div><div class=\"grve-section grve-row-section grve-fullwidth-background grve-padding-top-1x grve-padding-bottom-1x grve-bg-none\"><div class=\"grve-container\"><div class=\"grve-row grve-bookmark grve-columns-gap-30\"><div class=\"grve-column wpb_column grve-column-1\" ><div class=\"grve-column-wrapper\" ><\/div><\/div><\/div><\/div><div class=\"grve-background-wrapper\"><\/div><\/div>","protected":false},"excerpt":{"rendered":"<p>G\u00eete du Grand Sancerrois, location pr\u00e8s de Sancerre<\/p>","protected":false},"author":1,"featured_media":0,"parent":0,"menu_order":0,"comment_status":"closed","ping_status":"closed","template":"","meta":{"footnotes":""},"class_list":["post-10775","page","type-page","status-publish","hentry"],"yoast_head":"<!-- This site is optimized with the Yoast SEO plugin v27.6 - https:\/\/yoast.com\/product\/yoast-seo-wordpress\/ -->\n<title>G\u00eete avec piscine Sancerre 12 personnes<\/title>\n<meta name=\"description\" content=\"Le g\u00eete du Grand Sancerrois pour des locations au les week-ends ou \u00e0 la semaine pour passer des vacances \u00e0 Sancerre. Location avec piscine\" \/>\n<meta name=\"robots\" content=\"index, follow, max-snippet:-1, max-image-preview:large, max-video-preview:-1\" \/>\n<link rel=\"canonical\" href=\"https:\/\/www.valentincarayol.com\/en\/location-gite-du-grand-sancerrois\/\" \/>\n<meta property=\"og:locale\" content=\"en_US\" \/>\n<meta property=\"og:type\" content=\"article\" \/>\n<meta property=\"og:title\" content=\"G\u00eete avec piscine Sancerre 12 personnes\" \/>\n<meta property=\"og:description\" content=\"Le g\u00eete du Grand Sancerrois pour des locations au les week-ends ou \u00e0 la semaine pour passer des vacances \u00e0 Sancerre. Location avec piscine\" \/>\n<meta property=\"og:url\" content=\"https:\/\/www.valentincarayol.com\/en\/location-gite-du-grand-sancerrois\/\" \/>\n<meta property=\"og:site_name\" content=\"Site officiel de Valentin Carayol - Compositeur-Pianiste\" \/>\n<meta property=\"article:publisher\" content=\"https:\/\/m.facebook.com\/valentincarayolcompositeur\" \/>\n<meta property=\"article:modified_time\" content=\"2022-04-08T10:39:46+00:00\" \/>\n<meta name=\"twitter:card\" content=\"summary_large_image\" \/>\n<meta name=\"twitter:label1\" content=\"Est. reading time\" \/>\n\t<meta name=\"twitter:data1\" content=\"4 minutes\" \/>\n<script type=\"application\/ld+json\" class=\"yoast-schema-graph\">{\"@context\":\"https:\\\/\\\/schema.org\",\"@graph\":[{\"@type\":\"WebPage\",\"@id\":\"https:\\\/\\\/www.valentincarayol.com\\\/location-gite-du-grand-sancerrois\\\/\",\"url\":\"https:\\\/\\\/www.valentincarayol.com\\\/location-gite-du-grand-sancerrois\\\/\",\"name\":\"G\u00eete avec piscine Sancerre 12 personnes\",\"isPartOf\":{\"@id\":\"https:\\\/\\\/www.valentincarayol.com\\\/#website\"},\"datePublished\":\"2016-07-11T06:40:45+00:00\",\"dateModified\":\"2022-04-08T10:39:46+00:00\",\"description\":\"Le g\u00eete du Grand Sancerrois pour des locations au les week-ends ou \u00e0 la semaine pour passer des vacances \u00e0 Sancerre. Location avec piscine\",\"breadcrumb\":{\"@id\":\"https:\\\/\\\/www.valentincarayol.com\\\/location-gite-du-grand-sancerrois\\\/#breadcrumb\"},\"inLanguage\":\"en-US\",\"potentialAction\":[{\"@type\":\"ReadAction\",\"target\":[\"https:\\\/\\\/www.valentincarayol.com\\\/location-gite-du-grand-sancerrois\\\/\"]}]},{\"@type\":\"BreadcrumbList\",\"@id\":\"https:\\\/\\\/www.valentincarayol.com\\\/location-gite-du-grand-sancerrois\\\/#breadcrumb\",\"itemListElement\":[{\"@type\":\"ListItem\",\"position\":1,\"name\":\"Accueil\",\"item\":\"https:\\\/\\\/www.valentincarayol.com\\\/\"},{\"@type\":\"ListItem\",\"position\":2,\"name\":\"Location Sancerre\"}]},{\"@type\":\"WebSite\",\"@id\":\"https:\\\/\\\/www.valentincarayol.com\\\/#website\",\"url\":\"https:\\\/\\\/www.valentincarayol.com\\\/\",\"name\":\"Site officiel de Valentin Carayol - Compositeur-Pianiste\",\"description\":\"\",\"publisher\":{\"@id\":\"https:\\\/\\\/www.valentincarayol.com\\\/#organization\"},\"potentialAction\":[{\"@type\":\"SearchAction\",\"target\":{\"@type\":\"EntryPoint\",\"urlTemplate\":\"https:\\\/\\\/www.valentincarayol.com\\\/?s={search_term_string}\"},\"query-input\":{\"@type\":\"PropertyValueSpecification\",\"valueRequired\":true,\"valueName\":\"search_term_string\"}}],\"inLanguage\":\"en-US\"},{\"@type\":\"Organization\",\"@id\":\"https:\\\/\\\/www.valentincarayol.com\\\/#organization\",\"name\":\"Site officiel de Valentin Carayol - Compositeur-Pianiste\",\"url\":\"https:\\\/\\\/www.valentincarayol.com\\\/\",\"logo\":{\"@type\":\"ImageObject\",\"inLanguage\":\"en-US\",\"@id\":\"https:\\\/\\\/www.valentincarayol.com\\\/#\\\/schema\\\/logo\\\/image\\\/\",\"url\":\"https:\\\/\\\/www.valentincarayol.com\\\/wp-content\\\/uploads\\\/2022\\\/08\\\/IMG_0995.jpeg\",\"contentUrl\":\"https:\\\/\\\/www.valentincarayol.com\\\/wp-content\\\/uploads\\\/2022\\\/08\\\/IMG_0995.jpeg\",\"width\":1280,\"height\":960,\"caption\":\"Site officiel de Valentin Carayol - Compositeur-Pianiste\"},\"image\":{\"@id\":\"https:\\\/\\\/www.valentincarayol.com\\\/#\\\/schema\\\/logo\\\/image\\\/\"},\"sameAs\":[\"https:\\\/\\\/m.facebook.com\\\/valentincarayolcompositeur\"]}]}<\/script>\n<!-- \/ Yoast SEO plugin. -->","yoast_head_json":{"title":"G\u00eete avec piscine Sancerre 12 personnes","description":"Le g\u00eete du Grand Sancerrois pour des locations au les week-ends ou \u00e0 la semaine pour passer des vacances \u00e0 Sancerre. Location avec piscine","robots":{"index":"index","follow":"follow","max-snippet":"max-snippet:-1","max-image-preview":"max-image-preview:large","max-video-preview":"max-video-preview:-1"},"canonical":"https:\/\/www.valentincarayol.com\/en\/location-gite-du-grand-sancerrois\/","og_locale":"en_US","og_type":"article","og_title":"G\u00eete avec piscine Sancerre 12 personnes","og_description":"Le g\u00eete du Grand Sancerrois pour des locations au les week-ends ou \u00e0 la semaine pour passer des vacances \u00e0 Sancerre. Location avec piscine","og_url":"https:\/\/www.valentincarayol.com\/en\/location-gite-du-grand-sancerrois\/","og_site_name":"Site officiel de Valentin Carayol - Compositeur-Pianiste","article_publisher":"https:\/\/m.facebook.com\/valentincarayolcompositeur","article_modified_time":"2022-04-08T10:39:46+00:00","twitter_card":"summary_large_image","twitter_misc":{"Est. reading time":"4 minutes"},"schema":{"@context":"https:\/\/schema.org","@graph":[{"@type":"WebPage","@id":"https:\/\/www.valentincarayol.com\/location-gite-du-grand-sancerrois\/","url":"https:\/\/www.valentincarayol.com\/location-gite-du-grand-sancerrois\/","name":"G\u00eete avec piscine Sancerre 12 personnes","isPartOf":{"@id":"https:\/\/www.valentincarayol.com\/#website"},"datePublished":"2016-07-11T06:40:45+00:00","dateModified":"2022-04-08T10:39:46+00:00","description":"Le g\u00eete du Grand Sancerrois pour des locations au les week-ends ou \u00e0 la semaine pour passer des vacances \u00e0 Sancerre. Location avec piscine","breadcrumb":{"@id":"https:\/\/www.valentincarayol.com\/location-gite-du-grand-sancerrois\/#breadcrumb"},"inLanguage":"en-US","potentialAction":[{"@type":"ReadAction","target":["https:\/\/www.valentincarayol.com\/location-gite-du-grand-sancerrois\/"]}]},{"@type":"BreadcrumbList","@id":"https:\/\/www.valentincarayol.com\/location-gite-du-grand-sancerrois\/#breadcrumb","itemListElement":[{"@type":"ListItem","position":1,"name":"Accueil","item":"https:\/\/www.valentincarayol.com\/"},{"@type":"ListItem","position":2,"name":"Location Sancerre"}]},{"@type":"WebSite","@id":"https:\/\/www.valentincarayol.com\/#website","url":"https:\/\/www.valentincarayol.com\/","name":"Site officiel de Valentin Carayol - Compositeur-Pianiste","description":"","publisher":{"@id":"https:\/\/www.valentincarayol.com\/#organization"},"potentialAction":[{"@type":"SearchAction","target":{"@type":"EntryPoint","urlTemplate":"https:\/\/www.valentincarayol.com\/?s={search_term_string}"},"query-input":{"@type":"PropertyValueSpecification","valueRequired":true,"valueName":"search_term_string"}}],"inLanguage":"en-US"},{"@type":"Organization","@id":"https:\/\/www.valentincarayol.com\/#organization","name":"Site officiel de Valentin Carayol - Compositeur-Pianiste","url":"https:\/\/www.valentincarayol.com\/","logo":{"@type":"ImageObject","inLanguage":"en-US","@id":"https:\/\/www.valentincarayol.com\/#\/schema\/logo\/image\/","url":"https:\/\/www.valentincarayol.com\/wp-content\/uploads\/2022\/08\/IMG_0995.jpeg","contentUrl":"https:\/\/www.valentincarayol.com\/wp-content\/uploads\/2022\/08\/IMG_0995.jpeg","width":1280,"height":960,"caption":"Site officiel de Valentin Carayol - Compositeur-Pianiste"},"image":{"@id":"https:\/\/www.valentincarayol.com\/#\/schema\/logo\/image\/"},"sameAs":["https:\/\/m.facebook.com\/valentincarayolcompositeur"]}]}},"_links":{"self":[{"href":"http:\/\/www.valentincarayol.com\/en\/wp-json\/wp\/v2\/pages\/10775","targetHints":{"allow":["GET"]}}],"collection":[{"href":"http:\/\/www.valentincarayol.com\/en\/wp-json\/wp\/v2\/pages"}],"about":[{"href":"http:\/\/www.valentincarayol.com\/en\/wp-json\/wp\/v2\/types\/page"}],"author":[{"embeddable":true,"href":"http:\/\/www.valentincarayol.com\/en\/wp-json\/wp\/v2\/users\/1"}],"replies":[{"embeddable":true,"href":"http:\/\/www.valentincarayol.com\/en\/wp-json\/wp\/v2\/comments?post=10775"}],"version-history":[{"count":36,"href":"http:\/\/www.valentincarayol.com\/en\/wp-json\/wp\/v2\/pages\/10775\/revisions"}],"predecessor-version":[{"id":16434,"href":"http:\/\/www.valentincarayol.com\/en\/wp-json\/wp\/v2\/pages\/10775\/revisions\/16434"}],"wp:attachment":[{"href":"http:\/\/www.valentincarayol.com\/en\/wp-json\/wp\/v2\/media?parent=10775"}],"curies":[{"name":"wp","href":"https:\/\/api.w.org\/{rel}","templated":true}]}}