{"id":16560,"date":"2022-08-06T13:47:59","date_gmt":"2022-08-06T12:47:59","guid":{"rendered":"http:\/\/www.valentincarayol.com\/?page_id=16560"},"modified":"2022-08-06T13:48:45","modified_gmt":"2022-08-06T12:48:45","slug":"listen-more-interpretations","status":"publish","type":"page","link":"http:\/\/www.valentincarayol.com\/en\/listen-more-interpretations\/","title":{"rendered":"Listen more interpretations"},"content":{"rendered":"<div class=\"wp-playlist wp-audio-playlist wp-playlist-light\">\n\t\t\t<div class=\"wp-playlist-current-item\"><\/div>\n\t\t<audio controls=\"controls\" preload=\"none\" width=\"1058\"\n\t\t\t><\/audio>\n\t<div class=\"wp-playlist-next\"><\/div>\n\t<div class=\"wp-playlist-prev\"><\/div>\n\t<noscript>\n\t<ol>\n\t\t<li><a href='https:\/\/www.valentincarayol.com\/wp-content\/uploads\/2014\/09\/Pr\u00e9lude-BWV-867-en-sib-mineur-de-J.S.-BACH-par-Valentin-Carayol.mp3'>Pr\u00e9lude BWV 867 en sib mineur de J.S. BACH par Valentin Carayol<\/a><\/li><li><a href='https:\/\/www.valentincarayol.com\/wp-content\/uploads\/2015\/01\/1\u00e8re-danse-norv\u00e9gienne-de-E.-Grieg-par-G.BERLIOZ-et-V.CARAYOL-en-piano-\u00e0-4-mains.wav'>1\u00e8re Danse Norv\u00e9gienne op.35 de Grieg en piano \u00e0 4 mains<\/a><\/li><li><a href='https:\/\/www.valentincarayol.com\/wp-content\/uploads\/2015\/01\/2\u00e8me-danse-norv\u00e9gienne-de-Grieg-Par-G.BERLIOZ-et-V.CARAYOL.wav'>2\u00e8me Danse Norv\u00e9gienne op.35 en piano \u00e0 4 mains<\/a><\/li><li><a href='https:\/\/www.valentincarayol.com\/wp-content\/uploads\/2015\/01\/3\u00e8me-danse-norv\u00e9gienne-de-Grieg-Par-G.BERLIOZ-et-V.CARAYOL.wav'>3\u00e8me Danse Norv\u00e9gienne op.35 en piano \u00e0 4 mains<\/a><\/li><li><a href='https:\/\/www.valentincarayol.com\/wp-content\/uploads\/2015\/01\/4\u00e8me-danse-norv\u00e9gienne-de-Grieg-Par-G.BERLIOZ-et-V.CARAYOL.wav'>4\u00e8me Danse Norv\u00e9gienne op.35 en piano \u00e0 4 mains<\/a><\/li>\t<\/ol>\n\t<\/noscript>\n\t<script type=\"application\/json\" class=\"wp-playlist-script\">{\"type\":\"audio\",\"tracklist\":true,\"tracknumbers\":true,\"images\":true,\"artists\":true,\"tracks\":[{\"src\":\"https:\/\/www.valentincarayol.com\/wp-content\/uploads\/2014\/09\/Pr\\u00e9lude-BWV-867-en-sib-mineur-de-J.S.-BACH-par-Valentin-Carayol.mp3\",\"type\":\"audio\/mpeg\",\"title\":\"Pr\\u00e9lude BWV 867 en sib mineur de J.S. BACH par Valentin Carayol\",\"caption\":\"\",\"description\":\"\\u003Ci\\u003EPr\\u00e9lude BWV 867 en sib mineur de J.S. BACH par Valentin Carayol\\u003C\/i\\u003E.\",\"meta\":{\"length_formatted\":\"2:22\"},\"image\":{\"src\":\"http:\/\/www.valentincarayol.com\/wp-includes\/images\/media\/audio.svg\",\"width\":48,\"height\":64},\"thumb\":{\"src\":\"http:\/\/www.valentincarayol.com\/wp-includes\/images\/media\/audio.svg\",\"width\":48,\"height\":64}},{\"src\":\"https:\/\/www.valentincarayol.com\/wp-content\/uploads\/2015\/01\/1\\u00e8re-danse-norv\\u00e9gienne-de-E.-Grieg-par-G.BERLIOZ-et-V.CARAYOL-en-piano-\\u00e0-4-mains.wav\",\"type\":\"audio\/wav\",\"title\":\"1\\u00e8re Danse Norv\\u00e9gienne op.35 de Grieg en piano \\u00e0 4 mains\",\"caption\":\"\",\"description\":\"\",\"meta\":{\"artist\":\"Compos\\u00e9e par E.GRIEG\",\"length_formatted\":\"6:02\"},\"image\":{\"src\":\"http:\/\/www.valentincarayol.com\/wp-includes\/images\/media\/audio.svg\",\"width\":48,\"height\":64},\"thumb\":{\"src\":\"http:\/\/www.valentincarayol.com\/wp-includes\/images\/media\/audio.svg\",\"width\":48,\"height\":64}},{\"src\":\"https:\/\/www.valentincarayol.com\/wp-content\/uploads\/2015\/01\/2\\u00e8me-danse-norv\\u00e9gienne-de-Grieg-Par-G.BERLIOZ-et-V.CARAYOL.wav\",\"type\":\"audio\/wav\",\"title\":\"2\\u00e8me Danse Norv\\u00e9gienne op.35 en piano \\u00e0 4 mains\",\"caption\":\"\",\"description\":\"\",\"meta\":{\"artist\":\"Compos\\u00e9e par E. GRIEG\",\"length_formatted\":\"2:02\"},\"image\":{\"src\":\"http:\/\/www.valentincarayol.com\/wp-includes\/images\/media\/audio.svg\",\"width\":48,\"height\":64},\"thumb\":{\"src\":\"http:\/\/www.valentincarayol.com\/wp-includes\/images\/media\/audio.svg\",\"width\":48,\"height\":64}},{\"src\":\"https:\/\/www.valentincarayol.com\/wp-content\/uploads\/2015\/01\/3\\u00e8me-danse-norv\\u00e9gienne-de-Grieg-Par-G.BERLIOZ-et-V.CARAYOL.wav\",\"type\":\"audio\/wav\",\"title\":\"3\\u00e8me Danse Norv\\u00e9gienne op.35 en piano \\u00e0 4 mains\",\"caption\":\"\",\"description\":\"\",\"meta\":{\"artist\":\"Compos\\u00e9e par E.GRIEG\",\"length_formatted\":\"2:51\"},\"image\":{\"src\":\"http:\/\/www.valentincarayol.com\/wp-includes\/images\/media\/audio.svg\",\"width\":48,\"height\":64},\"thumb\":{\"src\":\"http:\/\/www.valentincarayol.com\/wp-includes\/images\/media\/audio.svg\",\"width\":48,\"height\":64}},{\"src\":\"https:\/\/www.valentincarayol.com\/wp-content\/uploads\/2015\/01\/4\\u00e8me-danse-norv\\u00e9gienne-de-Grieg-Par-G.BERLIOZ-et-V.CARAYOL.wav\",\"type\":\"audio\/wav\",\"title\":\"4\\u00e8me Danse Norv\\u00e9gienne op.35 en piano \\u00e0 4 mains\",\"caption\":\"\",\"description\":\"\",\"meta\":{\"artist\":\"Compos\\u00e9e par E.GRIEG\",\"length_formatted\":\"6:04\"},\"image\":{\"src\":\"http:\/\/www.valentincarayol.com\/wp-includes\/images\/media\/audio.svg\",\"width\":48,\"height\":64},\"thumb\":{\"src\":\"http:\/\/www.valentincarayol.com\/wp-includes\/images\/media\/audio.svg\",\"width\":48,\"height\":64}}]}<\/script>\n<\/div>","protected":false},"excerpt":{"rendered":"Pr\u00e9lude BWV 867 en sib mineur de J.S. BACH par Valentin Carayol1\u00e8re Danse Norv\u00e9gienne op.35 de Grieg en piano \u00e0 4 mains2\u00e8me Danse Norv\u00e9gienne op.35 en piano \u00e0 4 mains3\u00e8me Danse Norv\u00e9gienne op.35 en piano \u00e0 4 mains4\u00e8me Danse Norv\u00e9gienne op.35 en piano \u00e0 4 mains","protected":false},"author":1,"featured_media":0,"parent":0,"menu_order":0,"comment_status":"closed","ping_status":"closed","template":"","meta":{"footnotes":""},"class_list":["post-16560","page","type-page","status-publish","hentry"],"yoast_head":"<!-- This site is optimized with the Yoast SEO plugin v27.5 - https:\/\/yoast.com\/product\/yoast-seo-wordpress\/ -->\n<title>Listen more interpretations - Site officiel de Valentin Carayol - Compositeur-Pianiste<\/title>\n<meta name=\"robots\" content=\"index, follow, max-snippet:-1, max-image-preview:large, max-video-preview:-1\" \/>\n<link rel=\"canonical\" href=\"https:\/\/www.valentincarayol.com\/en\/listen-more-interpretations\/\" \/>\n<meta property=\"og:locale\" content=\"en_US\" \/>\n<meta property=\"og:type\" content=\"article\" \/>\n<meta property=\"og:title\" content=\"Listen more interpretations - Site officiel de Valentin Carayol - Compositeur-Pianiste\" \/>\n<meta property=\"og:url\" content=\"https:\/\/www.valentincarayol.com\/en\/listen-more-interpretations\/\" \/>\n<meta property=\"og:site_name\" content=\"Site officiel de Valentin Carayol - Compositeur-Pianiste\" \/>\n<meta property=\"article:publisher\" content=\"https:\/\/m.facebook.com\/valentincarayolcompositeur\" \/>\n<meta property=\"article:modified_time\" content=\"2022-08-06T12:48:45+00:00\" \/>\n<meta name=\"twitter:card\" content=\"summary_large_image\" \/>\n<meta name=\"twitter:label1\" content=\"Est. reading time\" \/>\n\t<meta name=\"twitter:data1\" content=\"1 minute\" \/>\n<script type=\"application\/ld+json\" class=\"yoast-schema-graph\">{\"@context\":\"https:\\\/\\\/schema.org\",\"@graph\":[{\"@type\":\"WebPage\",\"@id\":\"https:\\\/\\\/www.valentincarayol.com\\\/listen-more-interpretations\\\/\",\"url\":\"https:\\\/\\\/www.valentincarayol.com\\\/listen-more-interpretations\\\/\",\"name\":\"Listen more interpretations - Site officiel de Valentin Carayol - Compositeur-Pianiste\",\"isPartOf\":{\"@id\":\"https:\\\/\\\/www.valentincarayol.com\\\/#website\"},\"datePublished\":\"2022-08-06T12:47:59+00:00\",\"dateModified\":\"2022-08-06T12:48:45+00:00\",\"breadcrumb\":{\"@id\":\"https:\\\/\\\/www.valentincarayol.com\\\/listen-more-interpretations\\\/#breadcrumb\"},\"inLanguage\":\"en-US\",\"potentialAction\":[{\"@type\":\"ReadAction\",\"target\":[\"https:\\\/\\\/www.valentincarayol.com\\\/listen-more-interpretations\\\/\"]}]},{\"@type\":\"BreadcrumbList\",\"@id\":\"https:\\\/\\\/www.valentincarayol.com\\\/listen-more-interpretations\\\/#breadcrumb\",\"itemListElement\":[{\"@type\":\"ListItem\",\"position\":1,\"name\":\"Accueil\",\"item\":\"https:\\\/\\\/www.valentincarayol.com\\\/\"},{\"@type\":\"ListItem\",\"position\":2,\"name\":\"Listen more interpretations\"}]},{\"@type\":\"WebSite\",\"@id\":\"https:\\\/\\\/www.valentincarayol.com\\\/#website\",\"url\":\"https:\\\/\\\/www.valentincarayol.com\\\/\",\"name\":\"Site officiel de Valentin Carayol - Compositeur-Pianiste\",\"description\":\"\",\"publisher\":{\"@id\":\"https:\\\/\\\/www.valentincarayol.com\\\/#organization\"},\"potentialAction\":[{\"@type\":\"SearchAction\",\"target\":{\"@type\":\"EntryPoint\",\"urlTemplate\":\"https:\\\/\\\/www.valentincarayol.com\\\/?s={search_term_string}\"},\"query-input\":{\"@type\":\"PropertyValueSpecification\",\"valueRequired\":true,\"valueName\":\"search_term_string\"}}],\"inLanguage\":\"en-US\"},{\"@type\":\"Organization\",\"@id\":\"https:\\\/\\\/www.valentincarayol.com\\\/#organization\",\"name\":\"Site officiel de Valentin Carayol - Compositeur-Pianiste\",\"url\":\"https:\\\/\\\/www.valentincarayol.com\\\/\",\"logo\":{\"@type\":\"ImageObject\",\"inLanguage\":\"en-US\",\"@id\":\"https:\\\/\\\/www.valentincarayol.com\\\/#\\\/schema\\\/logo\\\/image\\\/\",\"url\":\"https:\\\/\\\/www.valentincarayol.com\\\/wp-content\\\/uploads\\\/2022\\\/08\\\/IMG_0995.jpeg\",\"contentUrl\":\"https:\\\/\\\/www.valentincarayol.com\\\/wp-content\\\/uploads\\\/2022\\\/08\\\/IMG_0995.jpeg\",\"width\":1280,\"height\":960,\"caption\":\"Site officiel de Valentin Carayol - Compositeur-Pianiste\"},\"image\":{\"@id\":\"https:\\\/\\\/www.valentincarayol.com\\\/#\\\/schema\\\/logo\\\/image\\\/\"},\"sameAs\":[\"https:\\\/\\\/m.facebook.com\\\/valentincarayolcompositeur\"]}]}<\/script>\n<!-- \/ Yoast SEO plugin. -->","yoast_head_json":{"title":"Listen more interpretations - Site officiel de Valentin Carayol - Compositeur-Pianiste","robots":{"index":"index","follow":"follow","max-snippet":"max-snippet:-1","max-image-preview":"max-image-preview:large","max-video-preview":"max-video-preview:-1"},"canonical":"https:\/\/www.valentincarayol.com\/en\/listen-more-interpretations\/","og_locale":"en_US","og_type":"article","og_title":"Listen more interpretations - Site officiel de Valentin Carayol - Compositeur-Pianiste","og_url":"https:\/\/www.valentincarayol.com\/en\/listen-more-interpretations\/","og_site_name":"Site officiel de Valentin Carayol - Compositeur-Pianiste","article_publisher":"https:\/\/m.facebook.com\/valentincarayolcompositeur","article_modified_time":"2022-08-06T12:48:45+00:00","twitter_card":"summary_large_image","twitter_misc":{"Est. reading time":"1 minute"},"schema":{"@context":"https:\/\/schema.org","@graph":[{"@type":"WebPage","@id":"https:\/\/www.valentincarayol.com\/listen-more-interpretations\/","url":"https:\/\/www.valentincarayol.com\/listen-more-interpretations\/","name":"Listen more interpretations - Site officiel de Valentin Carayol - Compositeur-Pianiste","isPartOf":{"@id":"https:\/\/www.valentincarayol.com\/#website"},"datePublished":"2022-08-06T12:47:59+00:00","dateModified":"2022-08-06T12:48:45+00:00","breadcrumb":{"@id":"https:\/\/www.valentincarayol.com\/listen-more-interpretations\/#breadcrumb"},"inLanguage":"en-US","potentialAction":[{"@type":"ReadAction","target":["https:\/\/www.valentincarayol.com\/listen-more-interpretations\/"]}]},{"@type":"BreadcrumbList","@id":"https:\/\/www.valentincarayol.com\/listen-more-interpretations\/#breadcrumb","itemListElement":[{"@type":"ListItem","position":1,"name":"Accueil","item":"https:\/\/www.valentincarayol.com\/"},{"@type":"ListItem","position":2,"name":"Listen more interpretations"}]},{"@type":"WebSite","@id":"https:\/\/www.valentincarayol.com\/#website","url":"https:\/\/www.valentincarayol.com\/","name":"Site officiel de Valentin Carayol - Compositeur-Pianiste","description":"","publisher":{"@id":"https:\/\/www.valentincarayol.com\/#organization"},"potentialAction":[{"@type":"SearchAction","target":{"@type":"EntryPoint","urlTemplate":"https:\/\/www.valentincarayol.com\/?s={search_term_string}"},"query-input":{"@type":"PropertyValueSpecification","valueRequired":true,"valueName":"search_term_string"}}],"inLanguage":"en-US"},{"@type":"Organization","@id":"https:\/\/www.valentincarayol.com\/#organization","name":"Site officiel de Valentin Carayol - Compositeur-Pianiste","url":"https:\/\/www.valentincarayol.com\/","logo":{"@type":"ImageObject","inLanguage":"en-US","@id":"https:\/\/www.valentincarayol.com\/#\/schema\/logo\/image\/","url":"https:\/\/www.valentincarayol.com\/wp-content\/uploads\/2022\/08\/IMG_0995.jpeg","contentUrl":"https:\/\/www.valentincarayol.com\/wp-content\/uploads\/2022\/08\/IMG_0995.jpeg","width":1280,"height":960,"caption":"Site officiel de Valentin Carayol - Compositeur-Pianiste"},"image":{"@id":"https:\/\/www.valentincarayol.com\/#\/schema\/logo\/image\/"},"sameAs":["https:\/\/m.facebook.com\/valentincarayolcompositeur"]}]}},"_links":{"self":[{"href":"http:\/\/www.valentincarayol.com\/en\/wp-json\/wp\/v2\/pages\/16560","targetHints":{"allow":["GET"]}}],"collection":[{"href":"http:\/\/www.valentincarayol.com\/en\/wp-json\/wp\/v2\/pages"}],"about":[{"href":"http:\/\/www.valentincarayol.com\/en\/wp-json\/wp\/v2\/types\/page"}],"author":[{"embeddable":true,"href":"http:\/\/www.valentincarayol.com\/en\/wp-json\/wp\/v2\/users\/1"}],"replies":[{"embeddable":true,"href":"http:\/\/www.valentincarayol.com\/en\/wp-json\/wp\/v2\/comments?post=16560"}],"version-history":[{"count":1,"href":"http:\/\/www.valentincarayol.com\/en\/wp-json\/wp\/v2\/pages\/16560\/revisions"}],"predecessor-version":[{"id":16561,"href":"http:\/\/www.valentincarayol.com\/en\/wp-json\/wp\/v2\/pages\/16560\/revisions\/16561"}],"wp:attachment":[{"href":"http:\/\/www.valentincarayol.com\/en\/wp-json\/wp\/v2\/media?parent=16560"}],"curies":[{"name":"wp","href":"https:\/\/api.w.org\/{rel}","templated":true}]}}