{"id":16660,"date":"2024-11-28T20:07:12","date_gmt":"2024-11-28T19:07:12","guid":{"rendered":"https:\/\/www.valentincarayol.com\/?page_id=16660"},"modified":"2025-02-10T16:31:10","modified_gmt":"2025-02-10T15:31:10","slug":"lancetre","status":"publish","type":"page","link":"http:\/\/www.valentincarayol.com\/en\/lancetre\/","title":{"rendered":"L&rsquo;Anc\u00eatre"},"content":{"rendered":"<div class=\"grve-section grve-row-section grve-fullwidth grve-bg-none grve-headings-light grve-custom-height grve-middle-content\" data-tablet-portrait-equal-columns=\"false\" data-mobile-equal-columns=\"false\"  style=\"background-color:#1c1f21;color:#ffffff;\"><div class=\"grve-container\"><div class=\"grve-row grve-bookmark grve-columns-gap-none\"><div class=\"grve-column wpb_column grve-column-1-2 grve-tablet-sm-column-1\" ><div class=\"grve-column-wrapper vc_custom_1739201442591 grve-with-fullheight grve-column-fullheight\" ><\/div><\/div><div class=\"grve-column wpb_column grve-column-1-2 grve-tablet-sm-column-1\" ><div class=\"grve-column-wrapper vc_custom_1472732650026\" ><h1 class=\"grve-element grve-title grve-align-left grve-animated-item grve-duration-normal grve-fade-in-up grve-leader-text grve-custom-font-3 grve-increase-heading grve-heading-200\" style=\"margin-bottom: 0px;\" data-delay=\"200\"><span><br>\n<h2>Conte musical et scientifique sur les origines de l&rsquo;Homme<\/h2>\n<\/span><\/h1><div class=\"grve-empty-space grve-height-1x\" style=\"\"><\/div><div class=\"grve-element grve-text grve-subtitle grve-animated-item grve-fade-in-up grve-duration-normal\" data-delay=\"800\">\r\n\t\t\t<h5>Texte, musique et illustrations de Valentin Carayol<\/h5>\n\r\n\t\t<\/div>\r\n\t<div class=\"grve-empty-space grve-height-1x\" style=\"\"><\/div><blockquote class=\"grve-element grve-align-left\" style=\"\"><p>De la r\u00e9union du m\u00e9tier de compositeur et d&rsquo;une passion pour la pal\u00e9ontologie est n\u00e9e cette envie d&rsquo;\u00e9crire ce conte musical et scientifique sur la qu\u00eate de nos origines. D\u00e9di\u00e9 au professeur Yves Coppens, cod\u00e9couvreur de l&rsquo;australopith\u00e8que Lucy, Valentin Carayol r\u00e9ussi l&rsquo;exercice difficile de mettre en symbiose les arts dramatiques, la musique, les arts visuels et la science.<\/p><\/blockquote><div class=\"grve-empty-space grve-height-1x\" style=\"\"><\/div><div class=\"grve-element grve-box-icon grve-large grve-side-icon grve-align-left grve-animated-item grve-fade-in-up grve-duration-normal\" style=\"\" data-delay=\"1200\"><a href=\"https:\/\/www.billetweb.fr\/lancetre\" title=\"R\u00e9server ma place\" target=\"_blank\" rel=\"noopener noreferrer\"><div class=\"grve-wrapper-icon grve-no-shape\" style=\"\"><i class=\"grve-text-primary-1 smp-icon-control-play\"><\/i><\/div><div class=\"grve-box-content\"><div class=\"grve-box-title-wrapper\"><h3 class=\"grve-box-title grve-h6\">R\u00e9server ma place<\/h3><\/div>  <p class=\"\">6 mars 2025 20h<br \/>\nSalle HIgelin 4 rue F\u00e9libien 75006 Paris<br \/>\nPlacement libre, ouverture \u00e0 19h15<\/p><\/div><\/a><\/div><div class=\"grve-empty-space grve-height-6x\" style=\"\"><\/div><\/div><\/div><\/div><\/div><div class=\"grve-background-wrapper\"><\/div><\/div><div class=\"grve-section grve-row-section grve-fullwidth grve-bg-none grve-headings-light grve-custom-height grve-middle-content\"  style=\"background-color:#21313b;color:#ffffff;\"><div class=\"grve-container\"><div class=\"grve-row grve-bookmark grve-columns-gap-none\"><div class=\"grve-column wpb_column grve-column-1-2\" ><div class=\"grve-column-wrapper vc_custom_1473954422313\" ><h2 class=\"grve-element grve-title grve-align-left grve-h1\" style=\"\"><span>Synopsis<\/span><\/h2><div class=\"grve-element grve-text grve-leader-text\">\r\n\t\t\t<p><em>L&rsquo;Anc\u00eatre\u00a0<\/em>est un personnage fictif, le plus ancien pr\u00e9humain non d\u00e9couvert \u00e0 ce jour. Il nous emm\u00e8ne \u00e0 la rencontre de nos anc\u00eatres, en passant par N\u00e9andertal, Lucy, l&rsquo;Homme de Java et bien d&rsquo;autres encore&#8230; Entre espi\u00e8gleries, faits scientifiques et humour,\u00a0<em>l&rsquo;Anc\u00eatre<\/em> nous fait d\u00e9couvrir l&rsquo;histoire avant l&rsquo;histoire des origines de l&rsquo;humanit\u00e9, nous rappelant \u00e0 notre fraternit\u00e9.<\/p>\n\r\n\t\t<\/div>\r\n\t<div class=\"grve-element grve-divider grve-align-left\" style=\"padding-top: 30px;\"><span class=\"grve-custom-divider grve-bg-blue\" style=\"width: 100px;height: 5px;\"><\/span><\/div><\/div><\/div><div class=\"grve-column wpb_column grve-column-1-2\" ><div class=\"grve-column-wrapper vc_custom_1732994013233\" ><\/div><\/div><\/div><\/div><div class=\"grve-background-wrapper\"><\/div><\/div><div class=\"grve-section grve-row-section grve-fullwidth-background grve-padding-top-6x grve-padding-bottom-6x grve-bg-parallax grve-headings-light\" data-parallax-threshold=\"0.3\"  style=\"color:#ffffff;\"><div class=\"grve-container\"><div class=\"grve-row grve-bookmark grve-columns-gap-30\"><div class=\"grve-column wpb_column grve-column-1\" ><div class=\"grve-column-wrapper\" ><h3 class=\"grve-element grve-title grve-align-center grve-h3\" style=\"margin-bottom: 0px;\"><span>AVANT-PREMI\u00c8RE<\/span><\/h3><div class=\"grve-empty-space grve-height-1x\" style=\"\"><\/div><div class=\"grve-element grve-countdown grve-style-1\" style=\"\" data-countdown=\"2025\/03\/06\" data-countdown-format=\"D|H|M|S\" data-numbers-size=\"h3\" data-text-size=\"small-text\" data-numbers-color=\"white\" data-text-color=\"white\"><\/div><div class=\"grve-empty-space grve-height-1x\" style=\"\"><\/div><h2 class=\"grve-element grve-title grve-align-center grve-h1 grve-increase-heading grve-heading-300\" style=\"\"><span>6 MARS 2025 \u00e0 20h<\/span><\/h2><div class=\"grve-element grve-text grve-leader-text\">\r\n\t\t\t<p class=\"p1\" style=\"text-align: center;\"><span class=\"s1\">Salle Higelin &#8211; 4 rue F\u00e9libien 75006 Paris &#8211;<br \/>\nM\u00e9tros Mabillon, Od\u00e9on, Saint-Germain-des-Pr\u00e9s<\/span><\/p>\n\r\n\t\t<\/div>\r\n\t<div class=\"grve-empty-space grve-height-1x\" style=\"\"><\/div><div class=\"grve-element grve-align-center\"><a href=\"https:\/\/www.billetweb.fr\/lancetre\" title=\"R\u00e9server ma place\" target=\"_blank\" rel=\"noopener noreferrer\" class=\"grve-btn grve-btn-medium grve-extra-round grve-bg-blue grve-bg-hover-white\"><span>R\u00e9server votre place<\/span><\/a><\/div><\/div><\/div><\/div><\/div><div class=\"grve-background-wrapper\">  <div class=\"grve-bg-image grve-bg-image-id-16726\"   style=\"background-image: url(https:\/\/www.valentincarayol.com\/wp-content\/uploads\/2024\/11\/plg_MPAA_Saint-Germain-2769_0.jpg);\"><\/div>  <div class=\"grve-bg-overlay grve-bg-dark grve-opacity-40\"><\/div><\/div><\/div><div class=\"grve-section grve-row-section grve-fullwidth grve-bg-none grve-custom-height grve-middle-content\" data-tablet-portrait-equal-columns=\"false\" data-mobile-equal-columns=\"false\"><div class=\"grve-container\"><div class=\"grve-row grve-bookmark grve-columns-gap-none\"><div class=\"grve-column wpb_column grve-column-1-2 grve-tablet-column-7-12 grve-tablet-sm-column-1\" ><div class=\"grve-column-wrapper vc_custom_1477674283755\" ><div class=\"grve-empty-space grve-height-2x\" style=\"\"><\/div><h3 class=\"grve-element grve-title grve-align-left grve-animated-item grve-duration-normal grve-fade-in-down grve-link-text\" style=\"\" data-delay=\"1200\"><span>NOUS CONTACTER<\/span><\/h3><h2 class=\"grve-element grve-title grve-align-left grve-animated-item grve-duration-normal grve-fade-in-up grve-h1\" style=\"margin-bottom: 0px;\" data-delay=\"200\"><span>RED MAMA PRODUCTIONS<\/span><\/h2><div class=\"grve-empty-space grve-height-1x\" style=\"\"><\/div><blockquote class=\"grve-element grve-animated-item grve-fade-in-up grve-duration-normal grve-align-left\" style=\"\" data-delay=\"800\"><p>Nous sommes \u00e0 votre disposition pour \u00e9tudier sur mesure votre projet<\/p><\/blockquote><div class=\"grve-empty-space grve-height-2x\" style=\"\"><\/div><\/div><\/div><div class=\"grve-column wpb_column grve-column-1-2 grve-headings-light grve-tablet-column-5-12 grve-tablet-sm-column-1\"  style=\"color:#ffffff;\" ><div class=\"grve-column-wrapper\" ><div class=\"grve-row-inner grve-bookmark\">\r\n\t\t<div class=\"grve-column-inner wpb_column grve-column-1\">\r\n\t\t\t<div class=\"grve-column-wrapper-inner vc_custom_1732985749845\">\r\n\t\t\t<h3 class=\"grve-element grve-title grve-align-center grve-h3\" style=\"\"><span>CD de l&rsquo;Anc\u00eatre en pr\u00e9vente !<br \/>\n18\u20ac au lieu de 20\u20ac jusqu&rsquo;au 6 mars<br \/>\nR\u00e9servation par mail<\/span><\/h3>\r\n\t\t\t<\/div>\r\n\t\t<\/div>\r\n\t\r\n\t\t<div class=\"grve-column-inner wpb_column grve-column-1\">\r\n\t\t\t<div class=\"grve-column-wrapper-inner vc_custom_1732985770298\">\r\n\t\t\t<h3 class=\"grve-element grve-title grve-align-left grve-h3\" style=\"\"><span><span style=\"color: #000000;\">Contact<\/span><\/span><\/h3><div class=\"grve-element grve-text\">\r\n\t\t\t<h3><strong><span style=\"color: #000000;\">rmp.lancetre@gmail.com<\/span><\/strong><\/h3>\n\r\n\t\t<\/div>\r\n\t<div class=\"grve-empty-space\" style=\"height: 12px;\"><\/div>\r\n\t\t\t<\/div>\r\n\t\t<\/div>\r\n\t<\/div><\/div><\/div><\/div><\/div><div class=\"grve-background-wrapper\"><\/div><\/div>","protected":false},"excerpt":{"rendered":"Conte musical et scientifique sur les origines de l'Homme Texte, musique et illustrations de Valentin Carayol De la r\u00e9union du m\u00e9tier de compositeur et d'une passion pour la pal\u00e9ontologie est n\u00e9e cette envie d'\u00e9crire ce conte musical et scientifique sur la qu\u00eate de nos origines. D\u00e9di\u00e9 au professeur Yves Coppens, cod\u00e9couvreur de l'australopith\u00e8que Lucy, Valentin [...]","protected":false},"author":1,"featured_media":16841,"parent":0,"menu_order":0,"comment_status":"closed","ping_status":"closed","template":"","meta":{"footnotes":""},"class_list":["post-16660","page","type-page","status-publish","has-post-thumbnail","hentry"],"yoast_head":"<!-- This site is optimized with the Yoast SEO plugin v27.5 - https:\/\/yoast.com\/product\/yoast-seo-wordpress\/ -->\n<title>L&#039;Anc\u00eatre - Site officiel de Valentin Carayol - Compositeur-Pianiste<\/title>\n<meta name=\"description\" content=\"L&#039;Anc\u00eatre, conte musical sur les origines de l&#039;Homme de Valentin Carayol. Avec Thierry Desroses\" \/>\n<meta name=\"robots\" content=\"index, follow, max-snippet:-1, max-image-preview:large, max-video-preview:-1\" \/>\n<link rel=\"canonical\" href=\"https:\/\/www.valentincarayol.com\/en\/lancetre\/\" \/>\n<meta property=\"og:locale\" content=\"en_US\" \/>\n<meta property=\"og:type\" content=\"article\" \/>\n<meta property=\"og:title\" content=\"L&#039;Anc\u00eatre - Site officiel de Valentin Carayol - Compositeur-Pianiste\" \/>\n<meta property=\"og:description\" content=\"L&#039;Anc\u00eatre, conte musical sur les origines de l&#039;Homme de Valentin Carayol. Avec Thierry Desroses\" \/>\n<meta property=\"og:url\" content=\"https:\/\/www.valentincarayol.com\/en\/lancetre\/\" \/>\n<meta property=\"og:site_name\" content=\"Site officiel de Valentin Carayol - Compositeur-Pianiste\" \/>\n<meta property=\"article:publisher\" content=\"https:\/\/m.facebook.com\/valentincarayolcompositeur\" \/>\n<meta property=\"article:modified_time\" content=\"2025-02-10T15:31:10+00:00\" \/>\n<meta property=\"og:image\" content=\"https:\/\/www.valentincarayol.com\/wp-content\/uploads\/2025\/02\/Copie-de-Copie-de-Affiche-Ancetre-A4-V2.jpg\" \/>\n\t<meta property=\"og:image:width\" content=\"1414\" \/>\n\t<meta property=\"og:image:height\" content=\"2000\" \/>\n\t<meta property=\"og:image:type\" content=\"image\/jpeg\" \/>\n<meta name=\"twitter:card\" content=\"summary_large_image\" \/>\n<meta name=\"twitter:label1\" content=\"Est. reading time\" \/>\n\t<meta name=\"twitter:data1\" content=\"3 minutes\" \/>\n<script type=\"application\/ld+json\" class=\"yoast-schema-graph\">{\"@context\":\"https:\\\/\\\/schema.org\",\"@graph\":[{\"@type\":\"WebPage\",\"@id\":\"https:\\\/\\\/www.valentincarayol.com\\\/lancetre\\\/\",\"url\":\"https:\\\/\\\/www.valentincarayol.com\\\/lancetre\\\/\",\"name\":\"L'Anc\u00eatre - Site officiel de Valentin Carayol - Compositeur-Pianiste\",\"isPartOf\":{\"@id\":\"https:\\\/\\\/www.valentincarayol.com\\\/#website\"},\"primaryImageOfPage\":{\"@id\":\"https:\\\/\\\/www.valentincarayol.com\\\/lancetre\\\/#primaryimage\"},\"image\":{\"@id\":\"https:\\\/\\\/www.valentincarayol.com\\\/lancetre\\\/#primaryimage\"},\"thumbnailUrl\":\"https:\\\/\\\/www.valentincarayol.com\\\/wp-content\\\/uploads\\\/2025\\\/02\\\/Copie-de-Copie-de-Affiche-Ancetre-A4-V2.jpg\",\"datePublished\":\"2024-11-28T19:07:12+00:00\",\"dateModified\":\"2025-02-10T15:31:10+00:00\",\"description\":\"L'Anc\u00eatre, conte musical sur les origines de l'Homme de Valentin Carayol. Avec Thierry Desroses\",\"breadcrumb\":{\"@id\":\"https:\\\/\\\/www.valentincarayol.com\\\/lancetre\\\/#breadcrumb\"},\"inLanguage\":\"en-US\",\"potentialAction\":[{\"@type\":\"ReadAction\",\"target\":[\"https:\\\/\\\/www.valentincarayol.com\\\/lancetre\\\/\"]}]},{\"@type\":\"ImageObject\",\"inLanguage\":\"en-US\",\"@id\":\"https:\\\/\\\/www.valentincarayol.com\\\/lancetre\\\/#primaryimage\",\"url\":\"https:\\\/\\\/www.valentincarayol.com\\\/wp-content\\\/uploads\\\/2025\\\/02\\\/Copie-de-Copie-de-Affiche-Ancetre-A4-V2.jpg\",\"contentUrl\":\"https:\\\/\\\/www.valentincarayol.com\\\/wp-content\\\/uploads\\\/2025\\\/02\\\/Copie-de-Copie-de-Affiche-Ancetre-A4-V2.jpg\",\"width\":1414,\"height\":2000},{\"@type\":\"BreadcrumbList\",\"@id\":\"https:\\\/\\\/www.valentincarayol.com\\\/lancetre\\\/#breadcrumb\",\"itemListElement\":[{\"@type\":\"ListItem\",\"position\":1,\"name\":\"Accueil\",\"item\":\"https:\\\/\\\/www.valentincarayol.com\\\/\"},{\"@type\":\"ListItem\",\"position\":2,\"name\":\"L&rsquo;Anc\u00eatre\"}]},{\"@type\":\"WebSite\",\"@id\":\"https:\\\/\\\/www.valentincarayol.com\\\/#website\",\"url\":\"https:\\\/\\\/www.valentincarayol.com\\\/\",\"name\":\"Site officiel de Valentin Carayol - Compositeur-Pianiste\",\"description\":\"\",\"publisher\":{\"@id\":\"https:\\\/\\\/www.valentincarayol.com\\\/#organization\"},\"potentialAction\":[{\"@type\":\"SearchAction\",\"target\":{\"@type\":\"EntryPoint\",\"urlTemplate\":\"https:\\\/\\\/www.valentincarayol.com\\\/?s={search_term_string}\"},\"query-input\":{\"@type\":\"PropertyValueSpecification\",\"valueRequired\":true,\"valueName\":\"search_term_string\"}}],\"inLanguage\":\"en-US\"},{\"@type\":\"Organization\",\"@id\":\"https:\\\/\\\/www.valentincarayol.com\\\/#organization\",\"name\":\"Site officiel de Valentin Carayol - Compositeur-Pianiste\",\"url\":\"https:\\\/\\\/www.valentincarayol.com\\\/\",\"logo\":{\"@type\":\"ImageObject\",\"inLanguage\":\"en-US\",\"@id\":\"https:\\\/\\\/www.valentincarayol.com\\\/#\\\/schema\\\/logo\\\/image\\\/\",\"url\":\"https:\\\/\\\/www.valentincarayol.com\\\/wp-content\\\/uploads\\\/2022\\\/08\\\/IMG_0995.jpeg\",\"contentUrl\":\"https:\\\/\\\/www.valentincarayol.com\\\/wp-content\\\/uploads\\\/2022\\\/08\\\/IMG_0995.jpeg\",\"width\":1280,\"height\":960,\"caption\":\"Site officiel de Valentin Carayol - Compositeur-Pianiste\"},\"image\":{\"@id\":\"https:\\\/\\\/www.valentincarayol.com\\\/#\\\/schema\\\/logo\\\/image\\\/\"},\"sameAs\":[\"https:\\\/\\\/m.facebook.com\\\/valentincarayolcompositeur\"]}]}<\/script>\n<!-- \/ Yoast SEO plugin. -->","yoast_head_json":{"title":"L'Anc\u00eatre - Site officiel de Valentin Carayol - Compositeur-Pianiste","description":"L'Anc\u00eatre, conte musical sur les origines de l'Homme de Valentin Carayol. Avec Thierry Desroses","robots":{"index":"index","follow":"follow","max-snippet":"max-snippet:-1","max-image-preview":"max-image-preview:large","max-video-preview":"max-video-preview:-1"},"canonical":"https:\/\/www.valentincarayol.com\/en\/lancetre\/","og_locale":"en_US","og_type":"article","og_title":"L'Anc\u00eatre - Site officiel de Valentin Carayol - Compositeur-Pianiste","og_description":"L'Anc\u00eatre, conte musical sur les origines de l'Homme de Valentin Carayol. Avec Thierry Desroses","og_url":"https:\/\/www.valentincarayol.com\/en\/lancetre\/","og_site_name":"Site officiel de Valentin Carayol - Compositeur-Pianiste","article_publisher":"https:\/\/m.facebook.com\/valentincarayolcompositeur","article_modified_time":"2025-02-10T15:31:10+00:00","og_image":[{"width":1414,"height":2000,"url":"https:\/\/www.valentincarayol.com\/wp-content\/uploads\/2025\/02\/Copie-de-Copie-de-Affiche-Ancetre-A4-V2.jpg","type":"image\/jpeg"}],"twitter_card":"summary_large_image","twitter_misc":{"Est. reading time":"3 minutes"},"schema":{"@context":"https:\/\/schema.org","@graph":[{"@type":"WebPage","@id":"https:\/\/www.valentincarayol.com\/lancetre\/","url":"https:\/\/www.valentincarayol.com\/lancetre\/","name":"L'Anc\u00eatre - Site officiel de Valentin Carayol - Compositeur-Pianiste","isPartOf":{"@id":"https:\/\/www.valentincarayol.com\/#website"},"primaryImageOfPage":{"@id":"https:\/\/www.valentincarayol.com\/lancetre\/#primaryimage"},"image":{"@id":"https:\/\/www.valentincarayol.com\/lancetre\/#primaryimage"},"thumbnailUrl":"https:\/\/www.valentincarayol.com\/wp-content\/uploads\/2025\/02\/Copie-de-Copie-de-Affiche-Ancetre-A4-V2.jpg","datePublished":"2024-11-28T19:07:12+00:00","dateModified":"2025-02-10T15:31:10+00:00","description":"L'Anc\u00eatre, conte musical sur les origines de l'Homme de Valentin Carayol. Avec Thierry Desroses","breadcrumb":{"@id":"https:\/\/www.valentincarayol.com\/lancetre\/#breadcrumb"},"inLanguage":"en-US","potentialAction":[{"@type":"ReadAction","target":["https:\/\/www.valentincarayol.com\/lancetre\/"]}]},{"@type":"ImageObject","inLanguage":"en-US","@id":"https:\/\/www.valentincarayol.com\/lancetre\/#primaryimage","url":"https:\/\/www.valentincarayol.com\/wp-content\/uploads\/2025\/02\/Copie-de-Copie-de-Affiche-Ancetre-A4-V2.jpg","contentUrl":"https:\/\/www.valentincarayol.com\/wp-content\/uploads\/2025\/02\/Copie-de-Copie-de-Affiche-Ancetre-A4-V2.jpg","width":1414,"height":2000},{"@type":"BreadcrumbList","@id":"https:\/\/www.valentincarayol.com\/lancetre\/#breadcrumb","itemListElement":[{"@type":"ListItem","position":1,"name":"Accueil","item":"https:\/\/www.valentincarayol.com\/"},{"@type":"ListItem","position":2,"name":"L&rsquo;Anc\u00eatre"}]},{"@type":"WebSite","@id":"https:\/\/www.valentincarayol.com\/#website","url":"https:\/\/www.valentincarayol.com\/","name":"Site officiel de Valentin Carayol - Compositeur-Pianiste","description":"","publisher":{"@id":"https:\/\/www.valentincarayol.com\/#organization"},"potentialAction":[{"@type":"SearchAction","target":{"@type":"EntryPoint","urlTemplate":"https:\/\/www.valentincarayol.com\/?s={search_term_string}"},"query-input":{"@type":"PropertyValueSpecification","valueRequired":true,"valueName":"search_term_string"}}],"inLanguage":"en-US"},{"@type":"Organization","@id":"https:\/\/www.valentincarayol.com\/#organization","name":"Site officiel de Valentin Carayol - Compositeur-Pianiste","url":"https:\/\/www.valentincarayol.com\/","logo":{"@type":"ImageObject","inLanguage":"en-US","@id":"https:\/\/www.valentincarayol.com\/#\/schema\/logo\/image\/","url":"https:\/\/www.valentincarayol.com\/wp-content\/uploads\/2022\/08\/IMG_0995.jpeg","contentUrl":"https:\/\/www.valentincarayol.com\/wp-content\/uploads\/2022\/08\/IMG_0995.jpeg","width":1280,"height":960,"caption":"Site officiel de Valentin Carayol - Compositeur-Pianiste"},"image":{"@id":"https:\/\/www.valentincarayol.com\/#\/schema\/logo\/image\/"},"sameAs":["https:\/\/m.facebook.com\/valentincarayolcompositeur"]}]}},"_links":{"self":[{"href":"http:\/\/www.valentincarayol.com\/en\/wp-json\/wp\/v2\/pages\/16660","targetHints":{"allow":["GET"]}}],"collection":[{"href":"http:\/\/www.valentincarayol.com\/en\/wp-json\/wp\/v2\/pages"}],"about":[{"href":"http:\/\/www.valentincarayol.com\/en\/wp-json\/wp\/v2\/types\/page"}],"author":[{"embeddable":true,"href":"http:\/\/www.valentincarayol.com\/en\/wp-json\/wp\/v2\/users\/1"}],"replies":[{"embeddable":true,"href":"http:\/\/www.valentincarayol.com\/en\/wp-json\/wp\/v2\/comments?post=16660"}],"version-history":[{"count":127,"href":"http:\/\/www.valentincarayol.com\/en\/wp-json\/wp\/v2\/pages\/16660\/revisions"}],"predecessor-version":[{"id":16843,"href":"http:\/\/www.valentincarayol.com\/en\/wp-json\/wp\/v2\/pages\/16660\/revisions\/16843"}],"wp:featuredmedia":[{"embeddable":true,"href":"http:\/\/www.valentincarayol.com\/en\/wp-json\/wp\/v2\/media\/16841"}],"wp:attachment":[{"href":"http:\/\/www.valentincarayol.com\/en\/wp-json\/wp\/v2\/media?parent=16660"}],"curies":[{"name":"wp","href":"https:\/\/api.w.org\/{rel}","templated":true}]}}