{"id":571,"date":"2015-09-23T18:15:45","date_gmt":"2015-09-23T17:15:45","guid":{"rendered":"http:\/\/www.valentincarayol.com\/?page_id=571"},"modified":"2025-02-25T16:41:52","modified_gmt":"2025-02-25T15:41:52","slug":"parcours","status":"publish","type":"page","link":"http:\/\/www.valentincarayol.com\/en\/parcours\/","title":{"rendered":"About Valentin Carayol"},"content":{"rendered":"<div class=\"grve-section grve-row-section grve-fullwidth-background grve-padding-top-1x grve-padding-bottom-1x grve-bg-none\"><div class=\"grve-container\"><div class=\"grve-row grve-bookmark grve-columns-gap-30\"><div class=\"grve-column wpb_column grve-column-1\" ><div class=\"grve-column-wrapper\" ><div class=\"grve-element grve-text\">\r\n\t\t\t<p style=\"text-align: justify;\"><span style=\"font-family: georgia, palatino;\"><a href=\"http:\/\/www.valentincarayol.com\/wp-content\/uploads\/2022\/07\/b7ec0d31-963e-4c8e-9602-24c47f5f88f7.jpg\"><img loading=\"lazy\" decoding=\"async\" class=\"size-large wp-image-16446 alignright\" src=\"http:\/\/www.valentincarayol.com\/wp-content\/uploads\/2022\/07\/b7ec0d31-963e-4c8e-9602-24c47f5f88f7-375x500.jpg\" alt=\"\" width=\"375\" height=\"500\" srcset=\"https:\/\/www.valentincarayol.com\/wp-content\/uploads\/2022\/07\/b7ec0d31-963e-4c8e-9602-24c47f5f88f7-375x500.jpg 375w, https:\/\/www.valentincarayol.com\/wp-content\/uploads\/2022\/07\/b7ec0d31-963e-4c8e-9602-24c47f5f88f7-150x200.jpg 150w, https:\/\/www.valentincarayol.com\/wp-content\/uploads\/2022\/07\/b7ec0d31-963e-4c8e-9602-24c47f5f88f7-560x747.jpg 560w, https:\/\/www.valentincarayol.com\/wp-content\/uploads\/2022\/07\/b7ec0d31-963e-4c8e-9602-24c47f5f88f7.jpg 768w\" sizes=\"auto, (max-width: 375px) 100vw, 375px\" \/><\/a><br \/>\nBorn in Paris in 1989, Valentin Carayol is a composer, concert pianist, and music teacher.\u00a0<\/span><\/p>\n<p style=\"text-align: justify;\"><span style=\"font-family: georgia, palatino;\">He began studying piano at a very young age through private lessons with Lionel Dibot.\u00a0<\/span><\/p>\n<p><span style=\"font-family: georgia, palatino;\">From 2007 to 2013, he pursued his higher musical studies at the \u00c9cole Normale de Musique de Paris Alfred Cortot, in Odile Catelin-Delangle\u2019s piano class, completing the advanced professional performance cycle.<\/span><br \/>\n<span style=\"font-family: georgia, palatino;\"> Between 2011 and 2014, Valentin also refined his artistry in Gabriel Tacchino\u2019s class at the Schola Cantorum.<br \/>\nHe studied chamber music with J.-L. Caillard and A. Gasparov.<br \/>\nIn musical writing, Valentin studied composition with St\u00e9phane Delplace at the conservatory and also received private guidance from Christian Manen.<br \/>\n<\/span><\/p>\n<p style=\"text-align: justify;\"><span style=\"font-family: georgia, palatino;\">A laureate of several piano and chamber music competitions, including the Leopold Bellan International Competition, Madeleine de Valmal\u00e8te, and the Concours Musical de France, Valentin Carayol regularly performs in solo recitals and chamber music concerts.<\/span><\/p>\n<p style=\"text-align: justify;\"><span style=\"font-family: georgia, palatino;\">He served as a music theory teacher from 2014 to 2015 at the S\u00e8vres Conservatory, and from 2016 to 2017 at the Le Plessis-Robinson Conservatory.<\/span><\/p>\n<p style=\"text-align: left;\"><span style=\"font-family: georgia, palatino;\">He currently teaches privately in Paris.<\/span><\/p>\n<p>clectic in his musical activities, Valentin Carayol has appeared on<span style=\"font-family: georgia, palatino;\">\u00a0television programs such as\u00a0<em>Un diner presque\u00a0parfait<\/em> sur M6,\u00a0<em>The Voice<\/em> he Voice (TF1), and gave a recital-lecture at the Fran\u00e7ois Mitterrand National Conservatory in Mauritius for MBC television in February 2015.<br \/>\n<\/span><\/p>\n<p style=\"text-align: justify;\"><span style=\"font-family: georgia, palatino;\">His compositions are published\u00a0<a href=\"https:\/\/les-editions-soldano.fr\/carayol-valentin\" target=\"_blank\" rel=\"noopener\">\u00e9ditions Soldano<\/a><\/span><\/p>\n<p style=\"text-align: justify;\"><span style=\"font-family: georgia, palatino;\">Valentin Carayol was co-founder and artistic director of the\u00a0<em>Apr\u00e8s-Midis Musicales du Ch\u00e2teau de Bel \u00c9bat<\/em>\u00a0in Marcoussis (Essonne), a quarterly concert series in which performers personally introduce the works they present.<br \/>\n<\/span><\/p>\n<p style=\"text-align: justify;\">His interest in new technologies also led him to collaborate with the startup <a href=\"http:\/\/get.meloflow.com\/fr\/\" target=\"_blank\" rel=\"noopener noreferrer\">Meloflow<\/a> as a composer and arranger, and as an expert contributor to this innovative music-learning application, particularly focused on piano education.<img loading=\"lazy\" decoding=\"async\" class=\"wp-image-745 alignright\" src=\"http:\/\/www.valentincarayol.com\/wp-content\/uploads\/2015\/09\/IMG_6764-e1457878126565-374x500.jpg\" alt=\"IMG_6764\" width=\"435\" height=\"582\" srcset=\"https:\/\/www.valentincarayol.com\/wp-content\/uploads\/2015\/09\/IMG_6764-e1457878126565-374x500.jpg 374w, https:\/\/www.valentincarayol.com\/wp-content\/uploads\/2015\/09\/IMG_6764-e1457878126565-600x803.jpg 600w, https:\/\/www.valentincarayol.com\/wp-content\/uploads\/2015\/09\/IMG_6764-e1457878126565-149x200.jpg 149w, https:\/\/www.valentincarayol.com\/wp-content\/uploads\/2015\/09\/IMG_6764-e1457878126565-768x1028.jpg 768w, https:\/\/www.valentincarayol.com\/wp-content\/uploads\/2015\/09\/IMG_6764-e1457878126565.jpg 1357w\" sizes=\"auto, (max-width: 435px) 100vw, 435px\" \/> This collaboration culminated in a demonstration of Meloflow before Their Majesties the King and Queen of the Netherlands at NUMA in March 2016.<\/p>\n<p>In September 2021, he was invited by Professor Yves Coppens to participate in a symposium at MUCEM in Marseille on the theme of the Future, where he spoke about the future of Music and gave a concert.<br \/>\nHaving formed a close friendship with Professor Coppens, Valentin Carayol composed and performed a piece entitled Sur le mot Homme for Yves Coppens\u2019 funeral at La Madeleine Church in Paris in July 2022.<\/p>\n<p>Valentin Carayol is the author and composer of the musical tale on the origins of Humanity entitled L\u2019Anc\u00eatre, produced by RED MAMA PRODUCTIONS (Pascale Breugnot \u2013 Pascal Wyn). The recording is available on Bandcamp. <em>\u00ab\u00a0l&rsquo;Anc\u00eatre\u00a0\u00bb, <\/em>produit par RED MAMA PRODUTIONS (Pascale Breugnot-Pascal Wyn). Enregistrement disponible sur Bandcamp.<\/p>\n<p>Valentin Carayol received the award for \u201cMost Distinguished Musician\u201d in the Composer category at the IBLA Grand Prize in both 2023 and 2024, organized by the IBLA Foundation in New York City, an international music competition.<\/p>\n<p style=\"text-align: left;\"><strong>PRESS ARTICLES<\/strong><\/p>\n<p><a href=\"https:\/\/www.lejdc.fr\/pouilly-sur-loire-58150\/actualites\/parfaite-harmonie-entre-piano-et-vin_14159047\/\" target=\"_blank\" rel=\"noopener\">Le Journal du Centre 08\/07\/22<\/a><br \/>\n<a href=\"https:\/\/www.leberry.fr\/jars-18260\/loisirs\/professeur-de-piano-a-paris-il-enseigne-en-visioconference-depuis-sa-maison-de-campagne-a-jars_13773622\/\" target=\"_blank\" rel=\"noopener\">Le Berry R\u00e9publicain<\/a><br \/>\n<a href=\"https:\/\/www.leberry.fr\/jars-18260\/loisirs\/le-compositeur-valentin-carayol-a-plein-de-projets-dans-le-cher_12972200\/\" target=\"_blank\" rel=\"noopener\">Le Berry R\u00e9publicain<\/a><\/p>\n\r\n\t\t<\/div>\r\n\t<\/div><\/div><\/div><\/div><div class=\"grve-background-wrapper\"><\/div><\/div><div class=\"grve-section grve-row-section grve-fullwidth-background grve-padding-top-1x grve-padding-bottom-1x grve-bg-none\"><div class=\"grve-container\"><div class=\"grve-row grve-bookmark grve-columns-gap-30\"><div class=\"grve-column wpb_column grve-column-1-3\" ><div class=\"grve-column-wrapper\" ><div class=\"grve-element grve-image-text grve-layout-1 grve-align-left\" style=\"\"><div class=\"grve-image grve-position-left\"><img loading=\"lazy\" decoding=\"async\" width=\"432\" height=\"560\" src=\"https:\/\/www.valentincarayol.com\/wp-content\/uploads\/2015\/03\/Article1.jpg\" class=\"attachment-movedo-grve-small-square size-movedo-grve-small-square\" alt=\"\" srcset=\"https:\/\/www.valentincarayol.com\/wp-content\/uploads\/2015\/03\/Article1.jpg 1409w, https:\/\/www.valentincarayol.com\/wp-content\/uploads\/2015\/03\/Article1-600x777.jpg 600w, https:\/\/www.valentincarayol.com\/wp-content\/uploads\/2015\/03\/Article1-232x300.jpg 232w, https:\/\/www.valentincarayol.com\/wp-content\/uploads\/2015\/03\/Article1-791x1024.jpg 791w, https:\/\/www.valentincarayol.com\/wp-content\/uploads\/2015\/03\/Article1-1200x1554.jpg 1200w\" sizes=\"auto, (max-width: 432px) 100vw, 432px\" \/><\/div>  <div class=\"grve-content grve-position-right grve-align-left\">  <p class=\"grve-description\">Article de l&rsquo;EXPRESS f\u00e9vrier 2015<\/p>  <\/div><\/div><\/div><\/div><div class=\"grve-column wpb_column grve-column-1-3\" ><div class=\"grve-column-wrapper\" ><div class=\"grve-element grve-image-text grve-layout-1 grve-align-left\" style=\"\"><div class=\"grve-image grve-position-left\"><img loading=\"lazy\" decoding=\"async\" width=\"611\" height=\"978\" src=\"https:\/\/www.valentincarayol.com\/wp-content\/uploads\/2015\/03\/ArticleDEFI.Fev2015-1.jpg\" class=\"attachment-full size-full\" alt=\"\" srcset=\"https:\/\/www.valentincarayol.com\/wp-content\/uploads\/2015\/03\/ArticleDEFI.Fev2015-1.jpg 611w, https:\/\/www.valentincarayol.com\/wp-content\/uploads\/2015\/03\/ArticleDEFI.Fev2015-1-600x960.jpg 600w, https:\/\/www.valentincarayol.com\/wp-content\/uploads\/2015\/03\/ArticleDEFI.Fev2015-1-187x300.jpg 187w\" sizes=\"auto, (max-width: 611px) 100vw, 611px\" \/><\/div>  <div class=\"grve-content grve-position-right grve-align-left\">  <p class=\"grve-description\">Article LE DEFI PLUS f\u00e9vrier 2015<\/p>  <\/div><\/div><\/div><\/div><div class=\"grve-column wpb_column grve-column-1-3\" ><div class=\"grve-column-wrapper\" ><div class=\"grve-element grve-image-text grve-layout-1 grve-align-left\" style=\"\"><div class=\"grve-image grve-position-left\"><img loading=\"lazy\" decoding=\"async\" width=\"2560\" height=\"1826\" src=\"https:\/\/www.valentincarayol.com\/wp-content\/uploads\/2024\/12\/IMG_0103-2-scaled.jpg\" class=\"attachment-full size-full\" alt=\"\" srcset=\"https:\/\/www.valentincarayol.com\/wp-content\/uploads\/2024\/12\/IMG_0103-2-scaled.jpg 2560w, https:\/\/www.valentincarayol.com\/wp-content\/uploads\/2024\/12\/IMG_0103-2-200x143.jpg 200w, https:\/\/www.valentincarayol.com\/wp-content\/uploads\/2024\/12\/IMG_0103-2-500x357.jpg 500w, https:\/\/www.valentincarayol.com\/wp-content\/uploads\/2024\/12\/IMG_0103-2-768x548.jpg 768w, https:\/\/www.valentincarayol.com\/wp-content\/uploads\/2024\/12\/IMG_0103-2-1536x1096.jpg 1536w, https:\/\/www.valentincarayol.com\/wp-content\/uploads\/2024\/12\/IMG_0103-2-1920x1370.jpg 1920w, https:\/\/www.valentincarayol.com\/wp-content\/uploads\/2024\/12\/IMG_0103-2-600x428.jpg 600w\" sizes=\"auto, (max-width: 2560px) 100vw, 2560px\" \/><\/div>  <div class=\"grve-content grve-position-right grve-align-left\">  <p class=\"grve-description\">Article MARIANNE du 19\/12\/2024<\/p>  <\/div><\/div><\/div><\/div><\/div><\/div><div class=\"grve-background-wrapper\"><\/div><\/div>","protected":false},"excerpt":{"rendered":"N\u00e9 \u00e0\u00a0Paris en 1989, Valentin Carayol est compositeur, pianiste concertiste, et professeur de musique.\u00a0 Il d\u00e9bute le piano en cours particuliers tr\u00e8s jeune avec Lionel Dibot.\u00a0 De 2007 \u00e0 2013, il fait ses \u00e9tudes sup\u00e9rieures \u00e0 l'Ecole Normale de Musique de Paris Alfred Cortot dans la classe de piano d'Odile Catelin-Delangle en cycle professionnel sup\u00e9rieur [...]","protected":false},"author":1,"featured_media":0,"parent":0,"menu_order":0,"comment_status":"closed","ping_status":"closed","template":"","meta":{"footnotes":""},"class_list":["post-571","page","type-page","status-publish","hentry"],"yoast_head":"<!-- This site is optimized with the Yoast SEO plugin v27.5 - https:\/\/yoast.com\/product\/yoast-seo-wordpress\/ -->\n<title>Parcours - Site officiel de Valentin Carayol - Compositeur-Pianiste<\/title>\n<meta name=\"robots\" content=\"index, follow, max-snippet:-1, max-image-preview:large, max-video-preview:-1\" \/>\n<link rel=\"canonical\" href=\"https:\/\/www.valentincarayol.com\/en\/parcours\/\" \/>\n<meta property=\"og:locale\" content=\"en_US\" \/>\n<meta property=\"og:type\" content=\"article\" \/>\n<meta property=\"og:title\" content=\"Parcours - Site officiel de Valentin Carayol - Compositeur-Pianiste\" \/>\n<meta property=\"og:url\" content=\"https:\/\/www.valentincarayol.com\/en\/parcours\/\" \/>\n<meta property=\"og:site_name\" content=\"Site officiel de Valentin Carayol - Compositeur-Pianiste\" \/>\n<meta property=\"article:publisher\" content=\"https:\/\/m.facebook.com\/valentincarayolcompositeur\" \/>\n<meta property=\"article:modified_time\" content=\"2025-02-25T15:41:52+00:00\" \/>\n<meta property=\"og:image\" content=\"https:\/\/www.valentincarayol.com\/wp-content\/uploads\/2022\/07\/b7ec0d31-963e-4c8e-9602-24c47f5f88f7.jpg\" \/>\n\t<meta property=\"og:image:width\" content=\"768\" \/>\n\t<meta property=\"og:image:height\" content=\"1024\" \/>\n\t<meta property=\"og:image:type\" content=\"image\/jpeg\" \/>\n<meta name=\"twitter:card\" content=\"summary_large_image\" \/>\n<meta name=\"twitter:label1\" content=\"Est. reading time\" \/>\n\t<meta name=\"twitter:data1\" content=\"4 minutes\" \/>\n<script type=\"application\/ld+json\" class=\"yoast-schema-graph\">{\"@context\":\"https:\\\/\\\/schema.org\",\"@graph\":[{\"@type\":\"WebPage\",\"@id\":\"https:\\\/\\\/www.valentincarayol.com\\\/parcours\\\/\",\"url\":\"https:\\\/\\\/www.valentincarayol.com\\\/parcours\\\/\",\"name\":\"Parcours - Site officiel de Valentin Carayol - Compositeur-Pianiste\",\"isPartOf\":{\"@id\":\"https:\\\/\\\/www.valentincarayol.com\\\/#website\"},\"primaryImageOfPage\":{\"@id\":\"https:\\\/\\\/www.valentincarayol.com\\\/parcours\\\/#primaryimage\"},\"image\":{\"@id\":\"https:\\\/\\\/www.valentincarayol.com\\\/parcours\\\/#primaryimage\"},\"thumbnailUrl\":\"http:\\\/\\\/www.valentincarayol.com\\\/wp-content\\\/uploads\\\/2022\\\/07\\\/b7ec0d31-963e-4c8e-9602-24c47f5f88f7-375x500.jpg\",\"datePublished\":\"2015-09-23T17:15:45+00:00\",\"dateModified\":\"2025-02-25T15:41:52+00:00\",\"breadcrumb\":{\"@id\":\"https:\\\/\\\/www.valentincarayol.com\\\/parcours\\\/#breadcrumb\"},\"inLanguage\":\"en-US\",\"potentialAction\":[{\"@type\":\"ReadAction\",\"target\":[\"https:\\\/\\\/www.valentincarayol.com\\\/parcours\\\/\"]}]},{\"@type\":\"ImageObject\",\"inLanguage\":\"en-US\",\"@id\":\"https:\\\/\\\/www.valentincarayol.com\\\/parcours\\\/#primaryimage\",\"url\":\"http:\\\/\\\/www.valentincarayol.com\\\/wp-content\\\/uploads\\\/2022\\\/07\\\/b7ec0d31-963e-4c8e-9602-24c47f5f88f7-375x500.jpg\",\"contentUrl\":\"http:\\\/\\\/www.valentincarayol.com\\\/wp-content\\\/uploads\\\/2022\\\/07\\\/b7ec0d31-963e-4c8e-9602-24c47f5f88f7-375x500.jpg\"},{\"@type\":\"BreadcrumbList\",\"@id\":\"https:\\\/\\\/www.valentincarayol.com\\\/parcours\\\/#breadcrumb\",\"itemListElement\":[{\"@type\":\"ListItem\",\"position\":1,\"name\":\"Accueil\",\"item\":\"https:\\\/\\\/www.valentincarayol.com\\\/\"},{\"@type\":\"ListItem\",\"position\":2,\"name\":\"Parcours\"}]},{\"@type\":\"WebSite\",\"@id\":\"https:\\\/\\\/www.valentincarayol.com\\\/#website\",\"url\":\"https:\\\/\\\/www.valentincarayol.com\\\/\",\"name\":\"Site officiel de Valentin Carayol - Compositeur-Pianiste\",\"description\":\"\",\"publisher\":{\"@id\":\"https:\\\/\\\/www.valentincarayol.com\\\/#organization\"},\"potentialAction\":[{\"@type\":\"SearchAction\",\"target\":{\"@type\":\"EntryPoint\",\"urlTemplate\":\"https:\\\/\\\/www.valentincarayol.com\\\/?s={search_term_string}\"},\"query-input\":{\"@type\":\"PropertyValueSpecification\",\"valueRequired\":true,\"valueName\":\"search_term_string\"}}],\"inLanguage\":\"en-US\"},{\"@type\":\"Organization\",\"@id\":\"https:\\\/\\\/www.valentincarayol.com\\\/#organization\",\"name\":\"Site officiel de Valentin Carayol - Compositeur-Pianiste\",\"url\":\"https:\\\/\\\/www.valentincarayol.com\\\/\",\"logo\":{\"@type\":\"ImageObject\",\"inLanguage\":\"en-US\",\"@id\":\"https:\\\/\\\/www.valentincarayol.com\\\/#\\\/schema\\\/logo\\\/image\\\/\",\"url\":\"https:\\\/\\\/www.valentincarayol.com\\\/wp-content\\\/uploads\\\/2022\\\/08\\\/IMG_0995.jpeg\",\"contentUrl\":\"https:\\\/\\\/www.valentincarayol.com\\\/wp-content\\\/uploads\\\/2022\\\/08\\\/IMG_0995.jpeg\",\"width\":1280,\"height\":960,\"caption\":\"Site officiel de Valentin Carayol - Compositeur-Pianiste\"},\"image\":{\"@id\":\"https:\\\/\\\/www.valentincarayol.com\\\/#\\\/schema\\\/logo\\\/image\\\/\"},\"sameAs\":[\"https:\\\/\\\/m.facebook.com\\\/valentincarayolcompositeur\"]}]}<\/script>\n<!-- \/ Yoast SEO plugin. -->","yoast_head_json":{"title":"Parcours - Site officiel de Valentin Carayol - Compositeur-Pianiste","robots":{"index":"index","follow":"follow","max-snippet":"max-snippet:-1","max-image-preview":"max-image-preview:large","max-video-preview":"max-video-preview:-1"},"canonical":"https:\/\/www.valentincarayol.com\/en\/parcours\/","og_locale":"en_US","og_type":"article","og_title":"Parcours - Site officiel de Valentin Carayol - Compositeur-Pianiste","og_url":"https:\/\/www.valentincarayol.com\/en\/parcours\/","og_site_name":"Site officiel de Valentin Carayol - Compositeur-Pianiste","article_publisher":"https:\/\/m.facebook.com\/valentincarayolcompositeur","article_modified_time":"2025-02-25T15:41:52+00:00","og_image":[{"width":768,"height":1024,"url":"https:\/\/www.valentincarayol.com\/wp-content\/uploads\/2022\/07\/b7ec0d31-963e-4c8e-9602-24c47f5f88f7.jpg","type":"image\/jpeg"}],"twitter_card":"summary_large_image","twitter_misc":{"Est. reading time":"4 minutes"},"schema":{"@context":"https:\/\/schema.org","@graph":[{"@type":"WebPage","@id":"https:\/\/www.valentincarayol.com\/parcours\/","url":"https:\/\/www.valentincarayol.com\/parcours\/","name":"Parcours - Site officiel de Valentin Carayol - Compositeur-Pianiste","isPartOf":{"@id":"https:\/\/www.valentincarayol.com\/#website"},"primaryImageOfPage":{"@id":"https:\/\/www.valentincarayol.com\/parcours\/#primaryimage"},"image":{"@id":"https:\/\/www.valentincarayol.com\/parcours\/#primaryimage"},"thumbnailUrl":"http:\/\/www.valentincarayol.com\/wp-content\/uploads\/2022\/07\/b7ec0d31-963e-4c8e-9602-24c47f5f88f7-375x500.jpg","datePublished":"2015-09-23T17:15:45+00:00","dateModified":"2025-02-25T15:41:52+00:00","breadcrumb":{"@id":"https:\/\/www.valentincarayol.com\/parcours\/#breadcrumb"},"inLanguage":"en-US","potentialAction":[{"@type":"ReadAction","target":["https:\/\/www.valentincarayol.com\/parcours\/"]}]},{"@type":"ImageObject","inLanguage":"en-US","@id":"https:\/\/www.valentincarayol.com\/parcours\/#primaryimage","url":"http:\/\/www.valentincarayol.com\/wp-content\/uploads\/2022\/07\/b7ec0d31-963e-4c8e-9602-24c47f5f88f7-375x500.jpg","contentUrl":"http:\/\/www.valentincarayol.com\/wp-content\/uploads\/2022\/07\/b7ec0d31-963e-4c8e-9602-24c47f5f88f7-375x500.jpg"},{"@type":"BreadcrumbList","@id":"https:\/\/www.valentincarayol.com\/parcours\/#breadcrumb","itemListElement":[{"@type":"ListItem","position":1,"name":"Accueil","item":"https:\/\/www.valentincarayol.com\/"},{"@type":"ListItem","position":2,"name":"Parcours"}]},{"@type":"WebSite","@id":"https:\/\/www.valentincarayol.com\/#website","url":"https:\/\/www.valentincarayol.com\/","name":"Site officiel de Valentin Carayol - Compositeur-Pianiste","description":"","publisher":{"@id":"https:\/\/www.valentincarayol.com\/#organization"},"potentialAction":[{"@type":"SearchAction","target":{"@type":"EntryPoint","urlTemplate":"https:\/\/www.valentincarayol.com\/?s={search_term_string}"},"query-input":{"@type":"PropertyValueSpecification","valueRequired":true,"valueName":"search_term_string"}}],"inLanguage":"en-US"},{"@type":"Organization","@id":"https:\/\/www.valentincarayol.com\/#organization","name":"Site officiel de Valentin Carayol - Compositeur-Pianiste","url":"https:\/\/www.valentincarayol.com\/","logo":{"@type":"ImageObject","inLanguage":"en-US","@id":"https:\/\/www.valentincarayol.com\/#\/schema\/logo\/image\/","url":"https:\/\/www.valentincarayol.com\/wp-content\/uploads\/2022\/08\/IMG_0995.jpeg","contentUrl":"https:\/\/www.valentincarayol.com\/wp-content\/uploads\/2022\/08\/IMG_0995.jpeg","width":1280,"height":960,"caption":"Site officiel de Valentin Carayol - Compositeur-Pianiste"},"image":{"@id":"https:\/\/www.valentincarayol.com\/#\/schema\/logo\/image\/"},"sameAs":["https:\/\/m.facebook.com\/valentincarayolcompositeur"]}]}},"_links":{"self":[{"href":"http:\/\/www.valentincarayol.com\/en\/wp-json\/wp\/v2\/pages\/571","targetHints":{"allow":["GET"]}}],"collection":[{"href":"http:\/\/www.valentincarayol.com\/en\/wp-json\/wp\/v2\/pages"}],"about":[{"href":"http:\/\/www.valentincarayol.com\/en\/wp-json\/wp\/v2\/types\/page"}],"author":[{"embeddable":true,"href":"http:\/\/www.valentincarayol.com\/en\/wp-json\/wp\/v2\/users\/1"}],"replies":[{"embeddable":true,"href":"http:\/\/www.valentincarayol.com\/en\/wp-json\/wp\/v2\/comments?post=571"}],"version-history":[{"count":42,"href":"http:\/\/www.valentincarayol.com\/en\/wp-json\/wp\/v2\/pages\/571\/revisions"}],"predecessor-version":[{"id":16847,"href":"http:\/\/www.valentincarayol.com\/en\/wp-json\/wp\/v2\/pages\/571\/revisions\/16847"}],"wp:attachment":[{"href":"http:\/\/www.valentincarayol.com\/en\/wp-json\/wp\/v2\/media?parent=571"}],"curies":[{"name":"wp","href":"https:\/\/api.w.org\/{rel}","templated":true}]}}